{"id":3016,"date":"2022-10-02T15:19:56","date_gmt":"2022-10-02T15:19:56","guid":{"rendered":"http:\/\/www.icryo.fr\/?page_id=3016"},"modified":"2022-10-02T19:46:58","modified_gmt":"2022-10-02T19:46:58","slug":"about-2-2-3-2","status":"publish","type":"page","link":"http:\/\/www.icryo.fr\/index.php\/about-2-2-3-2\/","title":{"rendered":"EPILATION LASER FEMMES\/HOMMES"},"content":{"rendered":"<div id=\"pl-3016\"  class=\"panel-layout\" ><div id=\"pg-3016-0\"  class=\"panel-grid panel-has-style\" ><div class=\"tablet-default mobile-1-in-row panel-row-style panel-row-style-for-3016-0\" ><div id=\"pgc-3016-0-0\"  class=\"panel-grid-cell panel-grid-cell-empty\" ><\/div><\/div><\/div><div id=\"pg-3016-1\"  class=\"panel-grid panel-has-style\" ><div class=\"tablet-1-in-row mobile-1-in-row panel-row-style panel-row-style-for-3016-1\" ><div id=\"pgc-3016-1-0\"  class=\"panel-grid-cell\" ><div id=\"panel-3016-1-0-0\" class=\"so-panel widget widget_orion_heading_w panel-first-child\" data-index=\"0\" ><div class=\"orion mobile-text-center default panel-widget-style panel-widget-style-for-3016-1-0-0\" ><div\n\t\t\t\n\t\t\tclass=\"so-widget-orion_heading_w so-widget-orion_heading_w-base\"\n\t\t\t\n\t\t>\n\t\n\t<div class=\"row orion-heading\">\n\t\t<div class=\"col-md-12  separator-style-1 text-left style-h1 style-primary-color \">\n\t\t\t<h1 class=\"primary-color\">\n\t\t\t\tEPILATION LASER FEMMES\t\t\t<\/h1>\n\t\t<\/div>\n\t<\/div>\n\n\t<\/div><\/div><\/div><div id=\"panel-3016-1-0-1\" class=\"so-panel widget widget_orion_heading_w\" data-index=\"1\" ><div class=\"orion mobile-text-center default panel-widget-style panel-widget-style-for-3016-1-0-1\" ><div\n\t\t\t\n\t\t\tclass=\"so-widget-orion_heading_w so-widget-orion_heading_w-base\"\n\t\t\t\n\t\t>\n\t\n\t<div class=\"row orion-heading\">\n\t\t<div class=\"col-md-12   text-left style-h3 style-primary-color \">\n\t\t\t<h3 class=\"primary-color\">\n\t\t\t\tRAPIDE ET SANS DOULEUR\t\t\t<\/h3>\n\t\t<\/div>\n\t<\/div>\n\n\t<\/div><\/div><\/div><div id=\"panel-3016-1-0-2\" class=\"so-panel widget widget_sow-editor panel-last-child\" data-index=\"2\" ><div class=\"orion mobile-text-center default panel-widget-style panel-widget-style-for-3016-1-0-2\" ><div\n\t\t\t\n\t\t\tclass=\"so-widget-sow-editor so-widget-sow-editor-base\"\n\t\t\t\n\t\t>\n<div class=\"siteorigin-widget-tinymce textwidget\">\n\t<div class=\"mkdf-title-holder mkdf-standard-type mkdf-has-bg-image mkdf-bg-parallax-zoom-out mkdf-bg-parallax\" data-height=\"330\" data-background-width=\"1000\">\n<div class=\"mkdf-title-wrapper\">\n<div class=\"mkdf-title-inner\">\n<div class=\"mkdf-grid\">\n<p class=\"mkdf-page-title entry-title\"><span class=\"mkdf-dropcaps mkdf-normal\" style=\"font-size: 16px;\">L<\/span><span style=\"font-size: 16px;\">\u2018\u00e9pilation m\u00e9canique peut parfois poser des probl\u00e8mes selon les zones \u00e0 \u00e9piler chez les femmes. Hormis la <\/span><strong style=\"font-size: 16px;\">douleur<\/strong><span style=\"font-size: 16px;\">, il est aussi\u00a0<\/span><strong style=\"font-size: 16px;\">fastidieux<\/strong><span style=\"font-size: 16px;\">\u00a0de devoir s\u2019\u00e9piler r\u00e9guli\u00e8rement,<\/span><strong style=\"font-size: 16px;\">\u00a0plusieurs fois par mois<\/strong><span style=\"font-size: 16px;\">.<\/span><\/p>\n<\/div>\n<\/div>\n<\/div>\n<\/div>\n<div class=\"mkdf-container mkdf-default-page-template\">\n<div class=\"mkdf-container-inner clearfix\">\n<div class=\"mkdf-grid-row\">\n<div class=\"mkdf-page-content-holder mkdf-grid-col-9\">\n<p>Il existe une m\u00e9thode sure et efficace au long cours :<strong> l\u2019\u00e9pilation laser d\u00e9finitive <\/strong>\u00a0que nous vous proposons dans notre centre sp\u00e9cialis\u00e9.<\/p>\n<p>Les zones les plus fr\u00e9quentes \u00e0 \u00e9piler chez les femmes sont le maillot, les aisselles, les jambes,\u00a0 le sillon inter fessier. D\u2019autres zones plus r\u00e9sistantes \u00e0 l\u2019\u00e9pilation peuvent aussi \u00eatre trait\u00e9es comme le visage, les seins (ar\u00e9oles), les bras, le dos\u2026<\/p>\n<p>Selon votre demande, il vous sera\u00a0<strong>conseill\u00e9 un protocole de traitement<\/strong>, et une<strong>\u00a0estimation du nombre de s\u00e9ances n\u00e9cessaires<\/strong>\u00a0vous sera communiqu\u00e9e.<\/p>\n<p>Actuellement, l\u2019\u00e9pilation Laser\u00a0 demeure <strong>l\u2019unique solution pour mettre fin aux probl\u00e8mes de repousse des poils, de fa\u00e7on d\u00e9finitive.<\/strong><\/p>\n<p>&nbsp;<\/p>\n<\/div>\n<\/div>\n<\/div>\n<\/div>\n<h3><strong>L'EPILATION DU MAILLOT<\/strong><\/h3>\n<div class=\"mkdf-container mkdf-default-page-template\">\n<div class=\"mkdf-container-inner clearfix\">\n<div class=\"mkdf-grid-row\">\n<div class=\"mkdf-page-content-holder mkdf-grid-col-9\">\n<p><span class=\"mkdf-dropcaps mkdf-normal\">I<\/span>l est \u00e0 noter que sp\u00e9cifiquement pour cette zone, l\u2019\u00e9pilation du maillot peut \u00eatre<strong> r\u00e9alis\u00e9e par une femme selon votre demande <\/strong>si cela vous assure plus de confort.<\/p>\n<p>Notre laser \u00e9pilatoire de derni\u00e8re g\u00e9n\u00e9ration est\u00a0<strong>\u00e9quip\u00e9 d\u2019un syst\u00e8me de refroidissement \u00e0 0\u00b0<\/strong>, permettant de\u00a0<strong>r\u00e9aliser la s\u00e9ance sans douleur.<\/strong><\/p>\n<p>Les m\u00e9thodes d\u2019\u00e9pilation classiques destin\u00e9es au maillot restent actuellement de r\u00e9alisation difficile, et s\u2019\u00e9piler le maillot demeure donc une corv\u00e9e pour beaucoup de femmes.<\/p>\n<p>L\u2019\u00e9pilation \u00e0 la cire est souvent douloureuse, et le r\u00e9sultat souvent imparfait. Le rasage du maillot entraine rougeurs, d\u00e9mangeaisons, irritations locales voire coupures, et parfois m\u00eame de petites infections localis\u00e9es sous forme de boutons blancs (folliculites, poils incarn\u00e9s\u2026).<\/p>\n<p><strong>La meilleure solution<\/strong> est celle que nous vous proposons au sein de notre centre d\u2019\u00e9pilation Laser . En fin de traitement, le<strong>\u00a0r\u00e9sultat est parfait<\/strong>\u00a0avec une peau\u00a0<strong>douce<\/strong>\u00a0et\u00a0<strong>lisse<\/strong>, sans les inconv\u00e9nients de repousse d\u00e9sagr\u00e9able au niveau du maillot.<\/p>\n<p>Il existe<strong>\u00a0diff\u00e9rentes \u00e9pilations possibles<\/strong>\u00a0pour le maillot en fonction de la zone \u00e9pil\u00e9e :<\/p>\n<ul>\n<li><strong>Maillot classique<\/strong>\u00a0: l\u2019\u00e9pilation laser dans ce cas concerne essentiellement l\u2019ensemble des poils visibles ou apparents lorsque vous portez vos sous-v\u00eatements. La zone \u00e9pil\u00e9e concernera alors la r\u00e9gion de l\u2019aine, mais pas du pubis.<\/li>\n<li><strong>Maillot \u00e9chancr\u00e9<\/strong> : il s\u2019agit d\u2019une \u00e9pilation plus \u00e9tendue que le maillot classique, int\u00e9ressant une partie du pubis et de l\u2019aine. Il s\u2019agit d\u2019une demande fr\u00e9quente, le maillot \u00e9chancr\u00e9 r\u00e9pondant \u00e0 la demande d\u2019un grand nombre de patientes.<\/li>\n<li><strong>Maillot int\u00e9gral:<\/strong>\u00a0comme son nom l\u2019indique, le maillot int\u00e9gral est une \u00e9pilation laser de l\u2019ensemble des poils pubiens, de l\u2019aine et des grandes l\u00e8vres de fa\u00e7on \u00e0 obtenir un maillot enti\u00e8rement lisse et \u00e9pil\u00e9. Concernant les grandes l\u00e8vres, les poils sont parfois plus r\u00e9sistants \u00e0 l\u2019\u00e9pilation, et un nombre plus important de s\u00e9ance est parfois n\u00e9cessaire.<\/li>\n<\/ul>\n<h3><\/h3>\n<h3><strong>L'EPILATION DES AISELLES<\/strong><\/h3>\n<p><span class=\"mkdf-dropcaps mkdf-normal\">L<\/span>\u2019\u00e9pilation laser des aisselles est probablement la demande la plus fr\u00e9quente chez nos patientes.<\/p>\n<p>Les poils pr\u00e9sents sur les aisselles ont des\u00a0<strong>propri\u00e9t\u00e9s qui les rendent parfaitement accessible<\/strong> \u00e0 l\u2019\u00e9pilation laser:\u00a0 ils sont suffisamment fonc\u00e9s et \u00e9pais, permettant au faisceau laser d\u2019\u00eatre <strong>tr\u00e8s efficace.<\/strong><\/p>\n<p>Il vous sera demand\u00e9 de<strong> raser la zone 24 \u00e0 48h avant la s\u00e9ance d\u2019\u00e9pilation laser<\/strong>, de fa\u00e7on permettre une\u00a0<strong>petite repousse<\/strong>\u00a0avant la s\u00e9ance. Nous vous rappelons que seuls les poils en phase de pousse seront \u00e9limin\u00e9s par le laser \u00e9pilatoire m\u00e9dicalis\u00e9.<\/p>\n<p>Au total,<strong> 4 \u00e0 6 s\u00e9ances espac\u00e9es de 6 semaines<\/strong>\u00a0environ seront n\u00e9cessaires pour<strong>\u00a0traiter d\u00e9finitivement la zone.<\/strong>.<\/p>\n<p>Une \u00e9pilation laser\u00a0<strong>presqu\u2019indolore<\/strong>\u00a0: une s\u00e9ance d\u2019\u00e9pilation laser des aisselles dure entre<strong>\u00a05 et 10 minutes<\/strong>, et du fait de notre laser \u00e9pilatoire derni\u00e8re g\u00e9n\u00e9ration \u00e9quip\u00e9 d\u2019un<strong>\u00a0syst\u00e8me int\u00e9gr\u00e9 de refroidissement<\/strong>, les douleurs seront tr\u00e8s acceptables.<\/p>\n<p>&nbsp;<\/p>\n<h3><strong>L'EPILATION DU VISAGE<\/strong><\/h3>\n<p><span class=\"mkdf-dropcaps mkdf-normal\">L<\/span>\u2019\u00e9pilation de quelques poils sur le visage chez la femme reste relativement fr\u00e9quente.<\/p>\n<p>Les zones du visage les plus fr\u00e9quemment \u00e9pil\u00e9es sont le menton, les l\u00e8vres, les joues, les pattes et le cou.<\/p>\n<p>Il s\u2019agit d\u2019une<strong>\u00a0pilosit\u00e9 en lien avec une impr\u00e9gnation hormonale<\/strong>, et les s\u00e9ances doivent souvent \u00eatre\u00a0<strong>r\u00e9p\u00e9t\u00e9es plusieurs fois<\/strong>\u00a0pour obtenir un\u00a0<strong>r\u00e9sultat satisfaisant \u00e0 long terme.<\/strong><\/p>\n<p>Bien s\u00fbr, comme sur les autres r\u00e9gions, les s\u00e9ances d\u2019\u00e9pilation laser\u00a0 seront d\u2019autant plus efficaces que les poils seront fonc\u00e9s sur peau blanche, les petits duvets de poils blonds ou blancs sur la l\u00e8vre sup\u00e9rieure seront donc plus difficiles \u00e0 traiter au laser \u00e9pilatoire.<\/p>\n<p>Votre vie va changer d\u00e8s la<strong>\u00a0premi\u00e8re s\u00e9ance<\/strong>\u00a0de laser au niveau du visage puisque\u00a0<strong>20%<\/strong>\u00a0des poils seront\u00a0<strong>imm\u00e9diatement d\u00e9truits<\/strong>\u00a0et les autres poils mettront<strong>\u00a0beaucoup plus de temps \u00e0 repousser<\/strong>.<\/p>\n<\/div>\n<\/div>\n<\/div>\n<\/div>\n<p>&nbsp;<\/p>\n<p style=\"text-align: center;\"><span style=\"vertical-align: inherit;\"><span style=\"vertical-align: inherit;\"><span style=\"vertical-align: inherit;\"><span style=\"vertical-align: inherit;\"><span style=\"vertical-align: inherit;\"><span style=\"vertical-align: inherit;\"><span style=\"vertical-align: inherit;\"><span style=\"vertical-align: inherit;\"><span style=\"vertical-align: inherit;\"><span style=\"vertical-align: inherit;\"><span style=\"vertical-align: inherit;\"><span style=\"vertical-align: inherit;\"><span style=\"vertical-align: inherit;\"><span style=\"vertical-align: inherit;\"><span style=\"vertical-align: inherit;\"><span style=\"vertical-align: inherit;\">Si vous avez la moindre question, n'h\u00e9sitez pas \u00e0 <\/span><\/span><\/span><\/span><\/span><\/span><\/span><\/span><\/span><\/span><\/span><\/span><\/span><\/span><\/span><\/span><span style=\"color: #3366ff;\"><strong><a style=\"color: #3366ff;\" href=\"http:\/\/www.icryo.fr\/index.php\/contact\/\"><span style=\"vertical-align: inherit;\"><span style=\"vertical-align: inherit;\"><span style=\"vertical-align: inherit;\"><span style=\"vertical-align: inherit;\"><span style=\"vertical-align: inherit;\"><span style=\"vertical-align: inherit;\"><span style=\"vertical-align: inherit;\"><span style=\"vertical-align: inherit;\"><span style=\"vertical-align: inherit;\"><span style=\"vertical-align: inherit;\"><span style=\"vertical-align: inherit;\"><span style=\"vertical-align: inherit;\"><span style=\"vertical-align: inherit;\"><span style=\"vertical-align: inherit;\"><span style=\"vertical-align: inherit;\"><span style=\"vertical-align: inherit;\">nous contacter<\/span><\/span><\/span><\/span><\/span><\/span><\/span><\/span><\/span><\/span><\/span><\/span><\/span><\/span><\/span><\/span><\/a><\/strong><\/span><\/p>\n<div id=\"panel-1000-3-1-2\" class=\"so-panel widget widget_sow-editor panel-last-child\" data-index=\"9\"><\/div>\n<\/div>\n<\/div><\/div><\/div><\/div><div id=\"pgc-3016-1-1\"  class=\"panel-grid-cell\" ><div id=\"panel-3016-1-1-0\" class=\"so-panel widget widget_orion_image_w panel-first-child panel-last-child\" data-index=\"3\" ><div class=\"orion mobile-text-center default panel-widget-style panel-widget-style-for-3016-1-1-0\" ><div\n\t\t\t\n\t\t\tclass=\"so-widget-orion_image_w so-widget-orion_image_w-base\"\n\t\t\t\n\t\t>\n<div class=\"image-w relative\">\n\n\t\t\t\t\n\t\t\t\t\t<div class=\"orion_circle image-wrap rounded overlay-none overlay-hover-none\">\n\t\t\t\t\t<img width=\"422\" height=\"358\" src=\"http:\/\/www.icryo.fr\/wp-content\/uploads\/2022\/10\/epilation-femme-2.jpg\" class=\"attachment-orion_square size-orion_square\" alt=\"\" loading=\"lazy\" \/>\t\t\t<div class=\"overlay\"><\/div>\n\t\t\t\t\t<\/div>\n\t\t\t\n\t\n\t<div class=\"absolute\">\n\t\t<div class=\"hover-desc table-wrap\">\n\t\t\t<div class=\"cell-wrap text-light\">\n\t\t\t\t\t\t\t<\/div>\n\t\t<\/div>\n\t<\/div>\t\t\t\t\t\n<\/div>\n\n<\/div><\/div><\/div><\/div><\/div><\/div><div id=\"pg-3016-2\"  class=\"panel-grid panel-has-style\" ><div class=\"so-parallax siteorigin-panels-stretch orion-separator bottom-svg-7 bottom-svg-inside tablet-default mobile-1-in-row overlay-light panel-row-style panel-row-style-for-3016-2\" data-stretch-type=\"full-stretched\" ><img width=\"1920\" height=\"1280\" src=\"http:\/\/www.icryo.fr\/wp-content\/uploads\/2016\/10\/dentalia-demo-bg-1.jpg\" class=\"attachment-full size-full\" alt=\"\" loading=\"eager\" data-siteorigin-parallax=\"true\" srcset=\"http:\/\/www.icryo.fr\/wp-content\/uploads\/2016\/10\/dentalia-demo-bg-1.jpg 1920w, http:\/\/www.icryo.fr\/wp-content\/uploads\/2016\/10\/dentalia-demo-bg-1-300x200.jpg 300w, http:\/\/www.icryo.fr\/wp-content\/uploads\/2016\/10\/dentalia-demo-bg-1-768x512.jpg 768w, http:\/\/www.icryo.fr\/wp-content\/uploads\/2016\/10\/dentalia-demo-bg-1-1024x683.jpg 1024w, http:\/\/www.icryo.fr\/wp-content\/uploads\/2016\/10\/dentalia-demo-bg-1-750x500.jpg 750w, http:\/\/www.icryo.fr\/wp-content\/uploads\/2016\/10\/dentalia-demo-bg-1-272x182.jpg 272w\" sizes=\"(max-width: 1920px) 100vw, 1920px\" \/><div id=\"pgc-3016-2-0\"  class=\"panel-grid-cell panel-grid-cell-empty\" ><\/div><\/div><\/div><div id=\"pg-3016-3\"  class=\"panel-grid panel-has-style\" ><div class=\"siteorigin-panels-stretch orion-separator bottom-svg-4 bottom-svg-inside tablet-2-in-row mobile-1-in-row panel-row-style panel-row-style-for-3016-3\" data-stretch-type=\"full\" ><div id=\"pgc-3016-3-0\"  class=\"panel-grid-cell panel-grid-cell-empty\" ><\/div><\/div><\/div><div id=\"pg-3016-4\"  class=\"panel-grid panel-has-style\" ><div class=\"siteorigin-panels-stretch orion-separator bottom-svg-4 bottom-svg-inside tablet-2-in-row mobile-1-in-row panel-row-style panel-row-style-for-3016-4\" data-stretch-type=\"full\" ><div id=\"pgc-3016-4-0\"  class=\"panel-grid-cell panel-grid-cell-empty\" ><\/div><div id=\"pgc-3016-4-1\"  class=\"panel-grid-cell panel-grid-cell-empty\" ><\/div><div id=\"pgc-3016-4-2\"  class=\"panel-grid-cell panel-grid-cell-empty panel-grid-cell-mobile-last\" ><\/div><div id=\"pgc-3016-4-3\"  class=\"panel-grid-cell panel-grid-cell-empty\" ><\/div><\/div><\/div><\/div>","protected":false},"excerpt":{"rendered":"<p>L\u2018\u00e9pilation m\u00e9canique peut parfois poser des probl\u00e8mes selon les zones \u00e0 \u00e9piler chez les femmes. Hormis la douleur, il est aussi\u00a0fastidieux\u00a0de devoir s\u2019\u00e9piler r\u00e9guli\u00e8rement,\u00a0plusieurs fois par mois. Il existe une m\u00e9thode sure et efficace au long cours : l\u2019\u00e9pilation laser d\u00e9finitive \u00a0que nous vous proposons dans notre centre sp\u00e9cialis\u00e9. Les zones les plus fr\u00e9quentes \u00e0<\/p>\n","protected":false},"author":1,"featured_media":0,"parent":0,"menu_order":0,"comment_status":"closed","ping_status":"closed","template":"","meta":{"_mi_skip_tracking":false},"_links":{"self":[{"href":"http:\/\/www.icryo.fr\/index.php\/wp-json\/wp\/v2\/pages\/3016"}],"collection":[{"href":"http:\/\/www.icryo.fr\/index.php\/wp-json\/wp\/v2\/pages"}],"about":[{"href":"http:\/\/www.icryo.fr\/index.php\/wp-json\/wp\/v2\/types\/page"}],"author":[{"embeddable":true,"href":"http:\/\/www.icryo.fr\/index.php\/wp-json\/wp\/v2\/users\/1"}],"replies":[{"embeddable":true,"href":"http:\/\/www.icryo.fr\/index.php\/wp-json\/wp\/v2\/comments?post=3016"}],"version-history":[{"count":18,"href":"http:\/\/www.icryo.fr\/index.php\/wp-json\/wp\/v2\/pages\/3016\/revisions"}],"predecessor-version":[{"id":3234,"href":"http:\/\/www.icryo.fr\/index.php\/wp-json\/wp\/v2\/pages\/3016\/revisions\/3234"}],"wp:attachment":[{"href":"http:\/\/www.icryo.fr\/index.php\/wp-json\/wp\/v2\/media?parent=3016"}],"curies":[{"name":"wp","href":"https:\/\/api.w.org\/{rel}","templated":true}]}}