{"id":3028,"date":"2022-10-02T15:31:23","date_gmt":"2022-10-02T15:31:23","guid":{"rendered":"http:\/\/www.icryo.fr\/?page_id=3028"},"modified":"2022-10-02T19:48:43","modified_gmt":"2022-10-02T19:48:43","slug":"about-2-2-3-2-2","status":"publish","type":"page","link":"http:\/\/www.icryo.fr\/index.php\/about-2-2-3-2-2\/","title":{"rendered":"EPILATION LASER HOMMES"},"content":{"rendered":"<div id=\"pl-3028\"  class=\"panel-layout\" ><div id=\"pg-3028-0\"  class=\"panel-grid panel-has-style\" ><div class=\"tablet-default mobile-1-in-row panel-row-style panel-row-style-for-3028-0\" ><div id=\"pgc-3028-0-0\"  class=\"panel-grid-cell panel-grid-cell-empty\" ><\/div><\/div><\/div><div id=\"pg-3028-1\"  class=\"panel-grid panel-has-style\" ><div class=\"tablet-1-in-row mobile-1-in-row panel-row-style panel-row-style-for-3028-1\" ><div id=\"pgc-3028-1-0\"  class=\"panel-grid-cell\" ><div id=\"panel-3028-1-0-0\" class=\"so-panel widget widget_orion_heading_w panel-first-child\" data-index=\"0\" ><div class=\"orion mobile-text-center default panel-widget-style panel-widget-style-for-3028-1-0-0\" ><div\n\t\t\t\n\t\t\tclass=\"so-widget-orion_heading_w so-widget-orion_heading_w-base\"\n\t\t\t\n\t\t>\n\t\n\t<div class=\"row orion-heading\">\n\t\t<div class=\"col-md-12  separator-style-1 text-left style-h1 style-primary-color \">\n\t\t\t<h1 class=\"primary-color\">\n\t\t\t\tEPILATION LASER HOMMES\t\t\t<\/h1>\n\t\t<\/div>\n\t<\/div>\n\n\t<\/div><\/div><\/div><div id=\"panel-3028-1-0-1\" class=\"so-panel widget widget_orion_heading_w\" data-index=\"1\" ><div class=\"orion mobile-text-center default panel-widget-style panel-widget-style-for-3028-1-0-1\" ><div\n\t\t\t\n\t\t\tclass=\"so-widget-orion_heading_w so-widget-orion_heading_w-base\"\n\t\t\t\n\t\t>\n\t\n\t<div class=\"row orion-heading\">\n\t\t<div class=\"col-md-12   text-left style-h3 style-primary-color \">\n\t\t\t<h3 class=\"primary-color\">\n\t\t\t\tRAPIDE ET SANS DOULEUR\t\t\t<\/h3>\n\t\t<\/div>\n\t<\/div>\n\n\t<\/div><\/div><\/div><div id=\"panel-3028-1-0-2\" class=\"so-panel widget widget_sow-editor panel-last-child\" data-index=\"2\" ><div class=\"orion mobile-text-center default panel-widget-style panel-widget-style-for-3028-1-0-2\" ><div\n\t\t\t\n\t\t\tclass=\"so-widget-sow-editor so-widget-sow-editor-base\"\n\t\t\t\n\t\t>\n<div class=\"siteorigin-widget-tinymce textwidget\">\n\t<div class=\"mkdf-title-holder mkdf-standard-type mkdf-has-bg-image mkdf-bg-parallax-zoom-out mkdf-bg-parallax\" data-height=\"330\" data-background-width=\"1000\">\n<div class=\"mkdf-title-wrapper\">\n<div class=\"mkdf-title-inner\">\n<div class=\"mkdf-grid\">\n<p><span class=\"mkdf-dropcaps mkdf-normal\">N<\/span>ous accueillons \u00e9galement les hommes au sein de notre centre d\u2019\u00e9pilation laser \u00e0 Antony.<\/p>\n<p>L\u2019image de l\u2019homme moderne a chang\u00e9 et de plus en plus d\u2019hommes prennent soin de leur apparence, de leur corps et de leur pilosit\u00e9. Un corps athl\u00e9tique et une\u00a0<strong>pilosit\u00e9 contr\u00f4l\u00e9e<\/strong>, voil\u00e0 la combinaison recherch\u00e9e par beaucoup d\u2019hommes actuellement.<\/p>\n<p>Les hommes, dans un souci de gain de temps, sont \u00e0 la recherche d\u2019une solution d\u00e9finitive pour mettre un terme \u00e0 leur probl\u00e8me de pilosit\u00e9. L\u2019\u00e9pilation laser d\u00e9finitive que nous proposons au sein de notre centre <strong>r\u00e9pond parfaitement \u00e0 ces crit\u00e8res<\/strong>.<\/p>\n<p>La pilosit\u00e9 masculine pr\u00e9sente plusieurs particularit\u00e9s par rapport \u00e0 la pilosit\u00e9 f\u00e9minine\u00a0;<strong>\u00a0form\u00e9e sp\u00e9cifiquement<\/strong>, notre \u00e9quipe sp\u00e9cialis\u00e9e sera\u00a0<strong>parfaitement<\/strong>\u00a0<strong>\u00e0 m\u00eame de r\u00e9pondre \u00e0 cette demande<\/strong>, de plus en plus fr\u00e9quente dans notre centre.<\/p>\n<p>Les zones d\u2019\u00e9pilation d\u00e9finitive les plus populaires chez l\u2019homme sont l\u2019abdomen, le dos, le torse,\u00a0 et le maillot. En dehors de ces zones classiques, l\u2019ensemble des zones du corps sont accessibles \u00e0 l\u2019\u00e9pilation laser d\u00e9finitive.<\/p>\n<p>Les modalit\u00e9s d\u2019\u00e9pilation laser chez l\u2019homme ainsi que les<strong>\u00a0conseils concernant l\u2019exposition solaire et le rasage sont les m\u00eames que ceux donn\u00e9s aux femmes.<\/strong><\/p>\n<p>La diff\u00e9rence la plus notable avec les femmes est que le\u00a0<strong>protocole de traitement sera plus long<\/strong>\u00a0chez l\u2019homme. La\u00a0<strong>pilosit\u00e9 \u00e9tant plus importante<\/strong>, un<strong>\u00a0plus grand nombre de s\u00e9ances<\/strong>\u00a0d\u2019\u00e9pilation laser sera n\u00e9cessaire pour obtenir un\u00a0<strong>r\u00e9sultat d\u00e9finitif<\/strong>.<\/p>\n<\/div>\n<\/div>\n<\/div>\n<h3><\/h3>\n<h3><strong>L'EPILATION DEFINITIVE DU DOS<\/strong><\/h3>\n<div class=\"mkdf-title-wrapper\">\n<div class=\"mkdf-title-inner\">\n<div class=\"mkdf-grid\">\n<p><span class=\"mkdf-dropcaps mkdf-normal\">L<\/span>\u2019\u00e9pilation laser du dos est tr\u00e8s populaire chez les patients hommes fr\u00e9quentant notre centre \u00e0 Antony. <strong>Difficilement accessible \u00e0 l\u2019\u00e9pilation standard<\/strong>, une solution d\u00e9finitive est recherch\u00e9e et la d\u00e9pilation laser est une\u00a0<strong>solution parfaitement adapt\u00e9e<\/strong>.<\/p>\n<p>Que votre pilosit\u00e9 dans le dos<strong>\u00a0soit \u00e9parse ou dense<\/strong>, notre laser \u00e9pilatoire sera<strong>\u00a0tr\u00e8s efficace pour obtenir un r\u00e9sultat durable.<\/strong><\/p>\n<p>Les\u00a0<strong>m\u00eames pr\u00e9cautions vis-\u00e0-vis de l\u2019exposition solaire seront prises<\/strong>\u00a0et le\u00a0<strong>bronzage de la peau du dos repr\u00e9sente une contre-indication.<\/strong><\/p>\n<p><strong>Muni d\u2019un syst\u00e8me de refroidissement<\/strong>\u00a0de la pi\u00e8ce \u00e0 main int\u00e9gr\u00e9, les s\u00e9ances d\u2019\u00e9pilation laser seront<strong>\u00a0peu douloureuses<\/strong>\u00a0et<strong>\u00a0tr\u00e8s bien tol\u00e9r\u00e9es.<\/strong><\/p>\n<p>Une<strong>\u00a0estimation du nombre de s\u00e9ances total<\/strong>\u00a0vous sera donn\u00e9e en<strong>\u00a0d\u00e9but de protocole.<\/strong><\/p>\n<p>Les poils fonc\u00e9s seront les plus sensibles au laser \u00e9pilatoire, les poils les plus clairs seront plus difficiles \u00e0 \u00e9piler.<\/p>\n<h3><\/h3>\n<h3><strong>L'EPILATION DEFINITIVE DU TORSE \/ VENTRE<\/strong><\/h3>\n<p><span class=\"mkdf-dropcaps mkdf-normal\">D<\/span>ans un souci de donner une image de soi la plus soign\u00e9e possible, l\u2019homme moderne marque une tendance de plus en plus fr\u00e9quente de soigner sa pilosit\u00e9, et notamment sur le torse et l\u2019abdomen. Une pilosit\u00e9 importante sur le torse ou le ventre peut en effet \u00eatre jug\u00e9e par certains comme \u00e9tant disgracieux.<\/p>\n<p>L\u2019\u00e9pilation au laser que nous utilisons dans notre centre permet de supprimer d\u00e9finitivement apr\u00e8s quelques s\u00e9ances la pr\u00e9sence de poils disgracieux sur le torse ou l\u2019abdomen. Il s\u2019agit de<strong>\u00a0la solution la plus efficace actuellement.<\/strong><\/p>\n<p>Apr\u00e8s s\u2019\u00eatre assur\u00e9 que vous pouvez b\u00e9n\u00e9ficier d\u2019une s\u00e9ance d\u2019\u00e9pilation laser sur le torse ou l\u2019abdomen en toute s\u00e9curit\u00e9,\u00a0<strong>un protocole de plusieurs s\u00e9ances<\/strong>\u00a0vous sera propos\u00e9\u00a0<strong>selon un planning pr\u00e9\u00e9tabli<\/strong>. Notre \u00e9quipe m\u00e9dicale\u00a0<strong>sp\u00e9cifiquement form\u00e9e<\/strong>\u00a0\u00e0 ce type d\u2019\u00e9pilation chez l\u2019homme saura vous\u00a0<strong>prendre en charge pour un r\u00e9sultat optimal.<\/strong> Il est \u00e0 noter que nous utilisons dans notre centre d\u2019\u00e9pilation\u00a0 un p<strong>lateau technique de r\u00e9f\u00e9rence muni d\u2019un laser \u00e9pilatoire de derni\u00e8re g\u00e9n\u00e9ration.<\/strong><\/p>\n<p><strong>Les m\u00eames pr\u00e9cautions seront prises que pour les autres zones<\/strong>, \u00e0 savoir raser la zone \u00e0 \u00e9piler 1 \u00e0 2 jours avant la s\u00e9ance de fa\u00e7on\u00a0<strong>\u00e0 permettre un d\u00e9but de pousse des poils<\/strong>. Des pr\u00e9cautions seront prises pour permettre une<strong>\u00a0\u00e9pilation presque sans douleur<\/strong>. En fin de s\u00e9ance, notre assistante appliquera une cr\u00e8me apaisante sur la peau. Comme sur le dos, la peau de l\u2019abdomen ou du torse pourra pr\u00e9senter quelques<strong>\u00a0rougeurs qui disparaitront rapidement apr\u00e8s la s\u00e9ance.<\/strong><\/p>\n<p>Une s\u00e9ance ult\u00e9rieure sera programm\u00e9e environ<strong>\u00a06 semaines<\/strong>\u00a0apr\u00e8s la premi\u00e8re.<\/p>\n<\/div>\n<h3><\/h3>\n<h3><strong>L'EPILATION SILLON INTER-FESSIER<\/strong><\/h3>\n<div class=\"mkdf-grid\">\n<p><span class=\"mkdf-dropcaps mkdf-normal\">L<\/span>e sillon inter-fessier est aussi une zone que nous traitons fr\u00e9quemment au sein de notre centre. Indiqu\u00e9e pour des raisons\u00a0<strong>esth\u00e9tiques ou th\u00e9rapeutiques<\/strong>\u00a0en raison de la r\u00e9p\u00e9tition de\u00a0<strong>poils incarn\u00e9s<\/strong>\u00a0\u00e0 cet endroit, l\u2019\u00e9pilation laser d\u00e9finitive sera la meilleure r\u00e9ponse \u00e0 apporter.<\/p>\n<p>En cas de\u00a0<strong>kyste pilonidal<\/strong>\u00a0souvent d\u00e9velopp\u00e9 \u00e0 partir de poils incarn\u00e9s dans le sillon inter-fessier, le\u00a0<strong>traitement de pr\u00e9vention de la r\u00e9cidive reposera l\u00e0 encore par une \u00e9pilation laser<\/strong>\u00a0des poils du sillon inter-fessier.<\/p>\n<\/div>\n<\/div>\n<\/div>\n<\/div>\n<p>&nbsp;<\/p>\n<p style=\"text-align: center;\"><span style=\"vertical-align: inherit;\"><span style=\"vertical-align: inherit;\"><span style=\"vertical-align: inherit;\"><span style=\"vertical-align: inherit;\"><span style=\"vertical-align: inherit;\"><span style=\"vertical-align: inherit;\"><span style=\"vertical-align: inherit;\"><span style=\"vertical-align: inherit;\"><span style=\"vertical-align: inherit;\"><span style=\"vertical-align: inherit;\"><span style=\"vertical-align: inherit;\"><span style=\"vertical-align: inherit;\"><span style=\"vertical-align: inherit;\"><span style=\"vertical-align: inherit;\"><span style=\"vertical-align: inherit;\"><span style=\"vertical-align: inherit;\">Si vous avez la moindre question, n'h\u00e9sitez pas \u00e0 <\/span><\/span><\/span><\/span><\/span><\/span><\/span><\/span><\/span><\/span><\/span><\/span><\/span><\/span><\/span><\/span><span style=\"color: #3366ff;\"><strong><a style=\"color: #3366ff;\" href=\"http:\/\/www.icryo.fr\/index.php\/contact\/\"><span style=\"vertical-align: inherit;\"><span style=\"vertical-align: inherit;\"><span style=\"vertical-align: inherit;\"><span style=\"vertical-align: inherit;\"><span style=\"vertical-align: inherit;\"><span style=\"vertical-align: inherit;\"><span style=\"vertical-align: inherit;\"><span style=\"vertical-align: inherit;\"><span style=\"vertical-align: inherit;\"><span style=\"vertical-align: inherit;\"><span style=\"vertical-align: inherit;\"><span style=\"vertical-align: inherit;\"><span style=\"vertical-align: inherit;\"><span style=\"vertical-align: inherit;\"><span style=\"vertical-align: inherit;\"><span style=\"vertical-align: inherit;\">nous contacter<\/span><\/span><\/span><\/span><\/span><\/span><\/span><\/span><\/span><\/span><\/span><\/span><\/span><\/span><\/span><\/span><\/a><\/strong><\/span><\/p>\n<div id=\"panel-1000-3-1-2\" class=\"so-panel widget widget_sow-editor panel-last-child\" data-index=\"9\"><\/div>\n<\/div>\n<\/div><\/div><\/div><\/div><div id=\"pgc-3028-1-1\"  class=\"panel-grid-cell\" ><div id=\"panel-3028-1-1-0\" class=\"so-panel widget widget_orion_image_w panel-first-child panel-last-child\" data-index=\"3\" ><div class=\"orion mobile-text-center default panel-widget-style panel-widget-style-for-3028-1-1-0\" ><div\n\t\t\t\n\t\t\tclass=\"so-widget-orion_image_w so-widget-orion_image_w-base\"\n\t\t\t\n\t\t>\n<div class=\"image-w relative\">\n\n\t\t\t\t\n\t\t\t\t\t<div class=\"orion_circle image-wrap rounded overlay-none overlay-hover-none\">\n\t\t\t\t\t<img width=\"427\" height=\"360\" src=\"http:\/\/www.icryo.fr\/wp-content\/uploads\/2022\/10\/epilation-homme-femme-2.jpg\" class=\"attachment-orion_square size-orion_square\" alt=\"\" loading=\"lazy\" \/>\t\t\t<div class=\"overlay\"><\/div>\n\t\t\t\t\t<\/div>\n\t\t\t\n\t\n\t<div class=\"absolute\">\n\t\t<div class=\"hover-desc table-wrap\">\n\t\t\t<div class=\"cell-wrap text-light\">\n\t\t\t\t\t\t\t<\/div>\n\t\t<\/div>\n\t<\/div>\t\t\t\t\t\n<\/div>\n\n<\/div><\/div><\/div><\/div><\/div><\/div><div id=\"pg-3028-2\"  class=\"panel-grid panel-has-style\" ><div class=\"so-parallax siteorigin-panels-stretch orion-separator bottom-svg-7 bottom-svg-inside tablet-default mobile-1-in-row overlay-light panel-row-style panel-row-style-for-3028-2\" data-stretch-type=\"full-stretched\" ><img width=\"1920\" height=\"1280\" src=\"http:\/\/www.icryo.fr\/wp-content\/uploads\/2016\/10\/dentalia-demo-bg-1.jpg\" class=\"attachment-full size-full\" alt=\"\" loading=\"eager\" data-siteorigin-parallax=\"true\" srcset=\"http:\/\/www.icryo.fr\/wp-content\/uploads\/2016\/10\/dentalia-demo-bg-1.jpg 1920w, http:\/\/www.icryo.fr\/wp-content\/uploads\/2016\/10\/dentalia-demo-bg-1-300x200.jpg 300w, http:\/\/www.icryo.fr\/wp-content\/uploads\/2016\/10\/dentalia-demo-bg-1-768x512.jpg 768w, http:\/\/www.icryo.fr\/wp-content\/uploads\/2016\/10\/dentalia-demo-bg-1-1024x683.jpg 1024w, http:\/\/www.icryo.fr\/wp-content\/uploads\/2016\/10\/dentalia-demo-bg-1-750x500.jpg 750w, http:\/\/www.icryo.fr\/wp-content\/uploads\/2016\/10\/dentalia-demo-bg-1-272x182.jpg 272w\" sizes=\"(max-width: 1920px) 100vw, 1920px\" \/><div id=\"pgc-3028-2-0\"  class=\"panel-grid-cell panel-grid-cell-empty\" ><\/div><\/div><\/div><div id=\"pg-3028-3\"  class=\"panel-grid panel-has-style\" ><div class=\"siteorigin-panels-stretch orion-separator bottom-svg-4 bottom-svg-inside tablet-2-in-row mobile-1-in-row panel-row-style panel-row-style-for-3028-3\" data-stretch-type=\"full\" ><div id=\"pgc-3028-3-0\"  class=\"panel-grid-cell panel-grid-cell-empty\" ><\/div><\/div><\/div><div id=\"pg-3028-4\"  class=\"panel-grid panel-has-style\" ><div class=\"siteorigin-panels-stretch orion-separator bottom-svg-4 bottom-svg-inside tablet-2-in-row mobile-1-in-row panel-row-style panel-row-style-for-3028-4\" data-stretch-type=\"full\" ><div id=\"pgc-3028-4-0\"  class=\"panel-grid-cell panel-grid-cell-empty\" ><\/div><div id=\"pgc-3028-4-1\"  class=\"panel-grid-cell panel-grid-cell-empty\" ><\/div><div id=\"pgc-3028-4-2\"  class=\"panel-grid-cell panel-grid-cell-empty panel-grid-cell-mobile-last\" ><\/div><div id=\"pgc-3028-4-3\"  class=\"panel-grid-cell panel-grid-cell-empty\" ><\/div><\/div><\/div><\/div>","protected":false},"excerpt":{"rendered":"<p>Nous accueillons \u00e9galement les hommes au sein de notre centre d\u2019\u00e9pilation laser \u00e0 Antony. L\u2019image de l\u2019homme moderne a chang\u00e9 et de plus en plus d\u2019hommes prennent soin de leur apparence, de leur corps et de leur pilosit\u00e9. Un corps athl\u00e9tique et une\u00a0pilosit\u00e9 contr\u00f4l\u00e9e, voil\u00e0 la combinaison recherch\u00e9e par beaucoup d\u2019hommes actuellement. Les hommes, dans<\/p>\n","protected":false},"author":1,"featured_media":0,"parent":0,"menu_order":0,"comment_status":"closed","ping_status":"closed","template":"","meta":{"_mi_skip_tracking":false},"_links":{"self":[{"href":"http:\/\/www.icryo.fr\/index.php\/wp-json\/wp\/v2\/pages\/3028"}],"collection":[{"href":"http:\/\/www.icryo.fr\/index.php\/wp-json\/wp\/v2\/pages"}],"about":[{"href":"http:\/\/www.icryo.fr\/index.php\/wp-json\/wp\/v2\/types\/page"}],"author":[{"embeddable":true,"href":"http:\/\/www.icryo.fr\/index.php\/wp-json\/wp\/v2\/users\/1"}],"replies":[{"embeddable":true,"href":"http:\/\/www.icryo.fr\/index.php\/wp-json\/wp\/v2\/comments?post=3028"}],"version-history":[{"count":18,"href":"http:\/\/www.icryo.fr\/index.php\/wp-json\/wp\/v2\/pages\/3028\/revisions"}],"predecessor-version":[{"id":3238,"href":"http:\/\/www.icryo.fr\/index.php\/wp-json\/wp\/v2\/pages\/3028\/revisions\/3238"}],"wp:attachment":[{"href":"http:\/\/www.icryo.fr\/index.php\/wp-json\/wp\/v2\/media?parent=3028"}],"curies":[{"name":"wp","href":"https:\/\/api.w.org\/{rel}","templated":true}]}}