{"id":3034,"date":"2022-10-02T15:34:11","date_gmt":"2022-10-02T15:34:11","guid":{"rendered":"http:\/\/www.icryo.fr\/?page_id=3034"},"modified":"2022-10-02T19:43:34","modified_gmt":"2022-10-02T19:43:34","slug":"about-2-2-3-3","status":"publish","type":"page","link":"http:\/\/www.icryo.fr\/index.php\/about-2-2-3-3\/","title":{"rendered":"La s\u00e9ance d&rsquo;\u00e9pilation laser"},"content":{"rendered":"<div id=\"pl-3034\"  class=\"panel-layout\" ><div id=\"pg-3034-0\"  class=\"panel-grid panel-has-style\" ><div class=\"tablet-default mobile-1-in-row panel-row-style panel-row-style-for-3034-0\" ><div id=\"pgc-3034-0-0\"  class=\"panel-grid-cell panel-grid-cell-empty\" ><\/div><\/div><\/div><div id=\"pg-3034-1\"  class=\"panel-grid panel-has-style\" ><div class=\"tablet-1-in-row mobile-1-in-row panel-row-style panel-row-style-for-3034-1\" ><div id=\"pgc-3034-1-0\"  class=\"panel-grid-cell\" ><div id=\"panel-3034-1-0-0\" class=\"so-panel widget widget_orion_heading_w panel-first-child\" data-index=\"0\" ><div class=\"orion mobile-text-center default panel-widget-style panel-widget-style-for-3034-1-0-0\" ><div\n\t\t\t\n\t\t\tclass=\"so-widget-orion_heading_w so-widget-orion_heading_w-base\"\n\t\t\t\n\t\t>\n\t\n\t<div class=\"row orion-heading\">\n\t\t<div class=\"col-md-12  separator-style-1 text-left style-h1 style-primary-color \">\n\t\t\t<h1 class=\"primary-color\">\n\t\t\t\tEPILATION LASER DEFINITIVE\t\t\t<\/h1>\n\t\t<\/div>\n\t<\/div>\n\n\t<\/div><\/div><\/div><div id=\"panel-3034-1-0-1\" class=\"so-panel widget widget_orion_heading_w\" data-index=\"1\" ><div class=\"orion mobile-text-center default panel-widget-style panel-widget-style-for-3034-1-0-1\" ><div\n\t\t\t\n\t\t\tclass=\"so-widget-orion_heading_w so-widget-orion_heading_w-base\"\n\t\t\t\n\t\t>\n\t\n\t<div class=\"row orion-heading\">\n\t\t<div class=\"col-md-12   text-left style-h3 style-text-dark \">\n\t\t\t<h3 class=\"text-dark\">\n\t\t\t\tEPILATION DEFINITIVE POUR FEMMES ET HOMMES\t\t\t<\/h3>\n\t\t<\/div>\n\t<\/div>\n\n\t<\/div><\/div><\/div><div id=\"panel-3034-1-0-2\" class=\"so-panel widget widget_orion_heading_w\" data-index=\"2\" ><div class=\"orion mobile-text-center default panel-widget-style panel-widget-style-for-3034-1-0-2\" ><div\n\t\t\t\n\t\t\tclass=\"so-widget-orion_heading_w so-widget-orion_heading_w-base\"\n\t\t\t\n\t\t>\n\t\n\t<div class=\"row orion-heading\">\n\t\t<div class=\"col-md-12  separator-style-2 text-left style-h3 style-primary-color \">\n\t\t\t<h3 class=\"primary-color\">\n\t\t\t\tRAPIDE ET SANS DOULEUR\t\t\t<\/h3>\n\t\t<\/div>\n\t<\/div>\n\n\t<\/div><\/div><\/div><div id=\"panel-3034-1-0-3\" class=\"so-panel widget widget_sow-editor panel-last-child\" data-index=\"3\" ><div class=\"orion mobile-text-center default panel-widget-style panel-widget-style-for-3034-1-0-3\" ><div\n\t\t\t\n\t\t\tclass=\"so-widget-sow-editor so-widget-sow-editor-base\"\n\t\t\t\n\t\t>\n<div class=\"siteorigin-widget-tinymce textwidget\">\n\t<p style=\"text-align: left;\">Notre centre d\u2019\u00e9pilation laser d\u00e9finitive\u00a0met tout en \u0153uvre pour r\u00e9pondre \u00e0 votre exigence de r\u00e9sultat.<\/p>\n<p>A la pointe de la technologie\u00a0moderne\u00a0<strong>en mati\u00e8re d\u2019\u00e9pilation laser<\/strong>, notre centre est \u00e9quip\u00e9 d\u2019une\u00a0<strong>plateforme Laser de derni\u00e8re g\u00e9n\u00e9ration<\/strong>, vous assurant un\u00a0<strong>r\u00e9sultat optimal<\/strong> qui r\u00e9pondra \u00e0 vos exigences. Il permet <strong>un traitement rapide et sans douleur.<\/strong><\/p>\n<p>&nbsp;<\/p>\n<h3><strong>COMMENT SE D\u00c9ROULE UNE S\u00c9ANCE D\u2019\u00c9PILATION LASER\u00a0?<\/strong><\/h3>\n<p><span class=\"mkdf-dropcaps mkdf-normal\">A<\/span>pr\u00e8s avoir programm\u00e9 votre s\u00e9ance d\u2019\u00e9pilation laser, il sera imp\u00e9ratif de ne pas prendre de soleil sur la zone \u00e0 trait\u00e9 une semaine avant le jour du traitement.<\/p>\n<p>Il vous aura \u00e9t\u00e9\u00a0<strong>conseill\u00e9 de raser la zone \u00e0 \u00e9piler 1 \u00e0 2 jours<\/strong> avant la s\u00e9ance.<\/p>\n<p>Vous porterez durant la s\u00e9ance des lunettes protectrices selon la zone trait\u00e9e.<\/p>\n<p>Vous serez install\u00e9 confortablement puis nous proc\u00e8derons au traitement. La pi\u00e8ce \u00e0 main du Laser \u00e9pilatoire r\u00e9alisera de multiples pulses laser sur les zones \u00e0 \u00e9piler. Celle ci est <strong>\u00e9quip\u00e9e d\u2019un dispositif de refroidissement<\/strong>\u00a0<strong>am\u00e9liorant consid\u00e9rablement votre confort durant la s\u00e9ance.<\/strong><\/p>\n<p>La sensation de chaque tir Laser sur la peau est celle d\u2019un petit coup d\u2019\u00e9lastique, tr\u00e8s bien support\u00e9. Le traitement est ainsi<strong>\u00a0indolore<\/strong>.<\/p>\n<p>La dur\u00e9e de chaque s\u00e9ance d\u2019\u00e9pilation laser\u00a0<strong>d\u00e9pend du nombre de zones \u00e0 \u00e9piler et de sa surface<\/strong>\u00a0(du maillot simple aux jambes enti\u00e8res en passant par les aisselles, maillot int\u00e9gral\u2026). Les zones peuvent aussi\u00a0<strong>se combiner au cours d\u2019une m\u00eame s\u00e9ance.<\/strong><\/p>\n<p>En fin de s\u00e9ance, une cr\u00e8me apaisante sera appliqu\u00e9e sur les zones \u00e9pil\u00e9es et des conseils vous seront donn\u00e9s, notamment l<strong>\u2019\u00e9viction solaire sur les zones d\u00e9j\u00e0 trait\u00e9es<\/strong>.<\/p>\n<p>&nbsp;<\/p>\n<h3><strong>COMBIEN DE S\u00c9ANCES SONT N\u00c9CESSAIRES ?<\/strong><\/h3>\n<p><span class=\"mkdf-dropcaps mkdf-normal\">D<\/span>e fa\u00e7on g\u00e9n\u00e9rale, une zone \u00e0 \u00e9piler d\u00e9finitivement devra b\u00e9n\u00e9ficier d\u2019<strong>environ 4 \u00e0 6 s\u00e9ances<\/strong>\u00a0d\u2019\u00e9pilation laser. Cela est vrai notamment sur les zones telles que le maillot, les aisselles, les jambes\u2026 Parfois, un nombre plus important de s\u00e9ances est\u00a0<strong>n\u00e9cessaire pour une \u00e9pilation durable<\/strong>\u00a0sur le visage chez la femme par exemple ou toute autre<strong>\u00a0zone dont la pilosit\u00e9 est hormono-d\u00e9pendante.<\/strong><\/p>\n<p>Il faut bien comprendre que lors de chaque s\u00e9ance d\u2019\u00e9pilation Laser,<strong>\u00a0seuls les poils en phase de pousse<\/strong>\u00a0(phase dite anag\u00e8ne)\u00a0<strong>seront d\u00e9truits et ne repousseront pas.<\/strong><\/p>\n<p>Les poils \u00ab endormis \u00bb, sous la peau, ne sont donc pas d\u00e9truits durant la s\u00e9ance d\u2019\u00e9pilation laser.<\/p>\n<p>On estime que\u00a0<strong>chaque s\u00e9ance<\/strong> permet le traitement d\u2019environ <strong>20 \u00e0 25%<\/strong>\u00a0des poils de la zone trait\u00e9e.<\/p>\n<p>Chaque s\u00e9ance sera espac\u00e9e de la suivante d\u2019environ\u00a0<strong>4 \u00e0 6 semaines.<\/strong><\/p>\n<p>Sur certaines zones plus r\u00e9sistantes \u00e0 l\u2019\u00e9pilation laser, un\u00a0<strong>traitement d\u2019entretien d\u2019une s\u00e9ance par an<\/strong>\u00a0pourra \u00eatre propos\u00e9.<\/p>\n<p>&nbsp;<\/p>\n<h3><strong>LES RISQUES ET EFFETS SECONDAIRES<\/strong><\/h3>\n<p><span class=\"mkdf-dropcaps mkdf-normal\">L<\/span>\u2019\u00e9pilation par Laser\u00a0 demeure une<strong>\u00a0proc\u00e9dure fiable et s\u00e9curis\u00e9e<\/strong>. Les risques et effets secondaires\u00a0\u00e0 l\u2019\u00e9pilation laser d\u00e9finitive peuvent cependant exister. Bien que ces derniers ne\u00a0<strong>surviennent que dans de rares cas<\/strong>, nous allons les d\u00e9tailler.<\/p>\n<p>Il s\u2019agit dans la plupart des cas extr\u00eamement<strong> rares de brulures superficielles<\/strong>\u00a0entrainant\u00a0<strong>irritations<\/strong>\u00a0et<strong>\u00a0rougeurs<\/strong>. Il faut savoir que ces effets secondaires n\u2019apparaissent\u00a0<strong>pas forc\u00e9ment en lien avec une erreur humaine<\/strong>\u00a0li\u00e9e \u00e0 une mauvaise manipulation du laser \u00e9pilatoire.<\/p>\n<p>Toutefois, en cas d\u2019apparition apr\u00e8s la s\u00e9ance d\u2019\u00e9pilation laser d\u2019une r\u00e9action cutan\u00e9e \u00e0 type de rougeur entrainant une irritations, n\u2019h\u00e9sitez pas \u00e0 nous recontacter. Nous vous proposerons alors de revenir au Centre pour vous <strong>examiner et vous traiter au besoin<\/strong>.\u00a0<strong>Nous restons \u00e0 votre totale disposition pendant toute la dur\u00e9e du protocole<\/strong>\u00a0d\u2019\u00e9pilation, et bien s\u00fbr\u00a0<strong>entre les s\u00e9ances<\/strong>\u00a0\u00e9galement.<\/p>\n<p>L'autre effet secondaire possible est lors de la prise de traitement photosensible. Pour cela, tout traitement par \u00e9pilation laser sera contre indiqu\u00e9 en cas de prise de ce type de traitement.<\/p>\n<p>&nbsp;<\/p>\n<p style=\"text-align: center;\"><span style=\"vertical-align: inherit;\"><span style=\"vertical-align: inherit;\"><span style=\"vertical-align: inherit;\"><span style=\"vertical-align: inherit;\"><span style=\"vertical-align: inherit;\"><span style=\"vertical-align: inherit;\"><span style=\"vertical-align: inherit;\"><span style=\"vertical-align: inherit;\"><span style=\"vertical-align: inherit;\"><span style=\"vertical-align: inherit;\"><span style=\"vertical-align: inherit;\"><span style=\"vertical-align: inherit;\"><span style=\"vertical-align: inherit;\"><span style=\"vertical-align: inherit;\"><span style=\"vertical-align: inherit;\"><span style=\"vertical-align: inherit;\">Si vous avez la moindre question, n'h\u00e9sitez pas \u00e0 <\/span><\/span><\/span><\/span><\/span><\/span><\/span><\/span><\/span><\/span><\/span><\/span><\/span><\/span><\/span><\/span><span style=\"color: #3366ff;\"><strong><a style=\"color: #3366ff;\" href=\"http:\/\/www.icryo.fr\/index.php\/contact\/\"><span style=\"vertical-align: inherit;\"><span style=\"vertical-align: inherit;\"><span style=\"vertical-align: inherit;\"><span style=\"vertical-align: inherit;\"><span style=\"vertical-align: inherit;\"><span style=\"vertical-align: inherit;\"><span style=\"vertical-align: inherit;\"><span style=\"vertical-align: inherit;\"><span style=\"vertical-align: inherit;\"><span style=\"vertical-align: inherit;\"><span style=\"vertical-align: inherit;\"><span style=\"vertical-align: inherit;\"><span style=\"vertical-align: inherit;\"><span style=\"vertical-align: inherit;\"><span style=\"vertical-align: inherit;\"><span style=\"vertical-align: inherit;\">nous contacter<\/span><\/span><\/span><\/span><\/span><\/span><\/span><\/span><\/span><\/span><\/span><\/span><\/span><\/span><\/span><\/span><\/a><\/strong><\/span><\/p>\n<div id=\"panel-1000-3-1-2\" class=\"so-panel widget widget_sow-editor panel-last-child\" data-index=\"9\"><\/div>\n<\/div>\n<\/div><\/div><\/div><\/div><div id=\"pgc-3034-1-1\"  class=\"panel-grid-cell\" ><div id=\"panel-3034-1-1-0\" class=\"so-panel widget widget_orion_image_w panel-first-child panel-last-child\" data-index=\"4\" ><div class=\"orion mobile-text-center default panel-widget-style panel-widget-style-for-3034-1-1-0\" ><div\n\t\t\t\n\t\t\tclass=\"so-widget-orion_image_w so-widget-orion_image_w-base\"\n\t\t\t\n\t\t>\n<div class=\"image-w relative\">\n\n\t\t\t\t\n\t\t\t\t\t<div class=\"orion_circle image-wrap rounded overlay-none overlay-hover-none\">\n\t\t\t\t\t<img width=\"750\" height=\"478\" src=\"http:\/\/www.icryo.fr\/wp-content\/uploads\/2022\/10\/epilation-750x478.jpeg\" class=\"attachment-orion_square size-orion_square\" alt=\"\" loading=\"lazy\" \/>\t\t\t<div class=\"overlay\"><\/div>\n\t\t\t\t\t<\/div>\n\t\t\t\n\t\n\t<div class=\"absolute\">\n\t\t<div class=\"hover-desc table-wrap\">\n\t\t\t<div class=\"cell-wrap text-light\">\n\t\t\t\t\t\t\t<\/div>\n\t\t<\/div>\n\t<\/div>\t\t\t\t\t\n<\/div>\n\n<\/div><\/div><\/div><\/div><\/div><\/div><div id=\"pg-3034-2\"  class=\"panel-grid panel-has-style\" ><div class=\"so-parallax siteorigin-panels-stretch orion-separator bottom-svg-7 bottom-svg-inside tablet-default mobile-1-in-row overlay-light panel-row-style panel-row-style-for-3034-2\" data-stretch-type=\"full-stretched\" ><img width=\"1920\" height=\"1280\" src=\"http:\/\/www.icryo.fr\/wp-content\/uploads\/2016\/10\/dentalia-demo-bg-1.jpg\" class=\"attachment-full size-full\" alt=\"\" loading=\"eager\" data-siteorigin-parallax=\"true\" srcset=\"http:\/\/www.icryo.fr\/wp-content\/uploads\/2016\/10\/dentalia-demo-bg-1.jpg 1920w, http:\/\/www.icryo.fr\/wp-content\/uploads\/2016\/10\/dentalia-demo-bg-1-300x200.jpg 300w, http:\/\/www.icryo.fr\/wp-content\/uploads\/2016\/10\/dentalia-demo-bg-1-768x512.jpg 768w, http:\/\/www.icryo.fr\/wp-content\/uploads\/2016\/10\/dentalia-demo-bg-1-1024x683.jpg 1024w, http:\/\/www.icryo.fr\/wp-content\/uploads\/2016\/10\/dentalia-demo-bg-1-750x500.jpg 750w, http:\/\/www.icryo.fr\/wp-content\/uploads\/2016\/10\/dentalia-demo-bg-1-272x182.jpg 272w\" sizes=\"(max-width: 1920px) 100vw, 1920px\" \/><div id=\"pgc-3034-2-0\"  class=\"panel-grid-cell panel-grid-cell-empty\" ><\/div><\/div><\/div><div id=\"pg-3034-3\"  class=\"panel-grid panel-has-style\" ><div class=\"siteorigin-panels-stretch orion-separator bottom-svg-4 bottom-svg-inside tablet-2-in-row mobile-1-in-row panel-row-style panel-row-style-for-3034-3\" data-stretch-type=\"full\" ><div id=\"pgc-3034-3-0\"  class=\"panel-grid-cell panel-grid-cell-empty\" ><\/div><\/div><\/div><div id=\"pg-3034-4\"  class=\"panel-grid panel-has-style\" ><div class=\"siteorigin-panels-stretch orion-separator bottom-svg-4 bottom-svg-inside tablet-2-in-row mobile-1-in-row panel-row-style panel-row-style-for-3034-4\" data-stretch-type=\"full\" ><div id=\"pgc-3034-4-0\"  class=\"panel-grid-cell panel-grid-cell-empty\" ><\/div><div id=\"pgc-3034-4-1\"  class=\"panel-grid-cell panel-grid-cell-empty\" ><\/div><div id=\"pgc-3034-4-2\"  class=\"panel-grid-cell panel-grid-cell-empty panel-grid-cell-mobile-last\" ><\/div><div id=\"pgc-3034-4-3\"  class=\"panel-grid-cell panel-grid-cell-empty\" ><\/div><\/div><\/div><\/div>","protected":false},"excerpt":{"rendered":"<p>Notre centre d\u2019\u00e9pilation laser d\u00e9finitive\u00a0met tout en \u0153uvre pour r\u00e9pondre \u00e0 votre exigence de r\u00e9sultat. A la pointe de la technologie\u00a0moderne\u00a0en mati\u00e8re d\u2019\u00e9pilation laser, notre centre est \u00e9quip\u00e9 d\u2019une\u00a0plateforme Laser de derni\u00e8re g\u00e9n\u00e9ration, vous assurant un\u00a0r\u00e9sultat optimal qui r\u00e9pondra \u00e0 vos exigences. Il permet un traitement rapide et sans douleur. &nbsp; COMMENT SE D\u00c9ROULE UNE<\/p>\n","protected":false},"author":1,"featured_media":0,"parent":0,"menu_order":0,"comment_status":"closed","ping_status":"closed","template":"","meta":{"_mi_skip_tracking":false},"_links":{"self":[{"href":"http:\/\/www.icryo.fr\/index.php\/wp-json\/wp\/v2\/pages\/3034"}],"collection":[{"href":"http:\/\/www.icryo.fr\/index.php\/wp-json\/wp\/v2\/pages"}],"about":[{"href":"http:\/\/www.icryo.fr\/index.php\/wp-json\/wp\/v2\/types\/page"}],"author":[{"embeddable":true,"href":"http:\/\/www.icryo.fr\/index.php\/wp-json\/wp\/v2\/users\/1"}],"replies":[{"embeddable":true,"href":"http:\/\/www.icryo.fr\/index.php\/wp-json\/wp\/v2\/comments?post=3034"}],"version-history":[{"count":8,"href":"http:\/\/www.icryo.fr\/index.php\/wp-json\/wp\/v2\/pages\/3034\/revisions"}],"predecessor-version":[{"id":3230,"href":"http:\/\/www.icryo.fr\/index.php\/wp-json\/wp\/v2\/pages\/3034\/revisions\/3230"}],"wp:attachment":[{"href":"http:\/\/www.icryo.fr\/index.php\/wp-json\/wp\/v2\/media?parent=3034"}],"curies":[{"name":"wp","href":"https:\/\/api.w.org\/{rel}","templated":true}]}}