{"id":3125,"date":"2022-10-02T16:36:46","date_gmt":"2022-10-02T16:36:46","guid":{"rendered":"http:\/\/www.icryo.fr\/?page_id=3125"},"modified":"2022-10-02T18:34:03","modified_gmt":"2022-10-02T18:34:03","slug":"about-2-2-4","status":"publish","type":"page","link":"http:\/\/www.icryo.fr\/index.php\/about-2-2-4\/","title":{"rendered":"ICRYO"},"content":{"rendered":"<div id=\"pl-3125\"  class=\"panel-layout\" ><div id=\"pg-3125-0\"  class=\"panel-grid panel-has-style\" ><div class=\"tablet-default mobile-1-in-row panel-row-style panel-row-style-for-3125-0\" ><div id=\"pgc-3125-0-0\"  class=\"panel-grid-cell panel-grid-cell-empty\" ><\/div><\/div><\/div><div id=\"pg-3125-1\"  class=\"panel-grid panel-has-style\" ><div class=\"tablet-1-in-row mobile-1-in-row panel-row-style panel-row-style-for-3125-1\" ><div id=\"pgc-3125-1-0\"  class=\"panel-grid-cell panel-grid-cell-empty\" ><\/div><div id=\"pgc-3125-1-1\"  class=\"panel-grid-cell panel-grid-cell-mobile-last\" ><div id=\"panel-3125-1-1-0\" class=\"so-panel widget widget_orion_heading_w panel-first-child\" data-index=\"0\" ><div class=\"orion mobile-text-center default panel-widget-style panel-widget-style-for-3125-1-1-0\" ><div\n\t\t\t\n\t\t\tclass=\"so-widget-orion_heading_w so-widget-orion_heading_w-base\"\n\t\t\t\n\t\t>\n\t\n\t<div class=\"row orion-heading\">\n\t\t<div class=\"col-md-12  separator-style-1 text-left style-h1 style-primary-color \">\n\t\t\t<h1 class=\"primary-color\">\n\t\t\t\tNOUS SOMMES ICRYO\t\t\t<\/h1>\n\t\t<\/div>\n\t<\/div>\n\n\t<\/div><\/div><\/div><div id=\"panel-3125-1-1-1\" class=\"so-panel widget widget_orion_heading_w\" data-index=\"1\" ><div class=\"orion mobile-text-center default panel-widget-style panel-widget-style-for-3125-1-1-1\" ><div\n\t\t\t\n\t\t\tclass=\"so-widget-orion_heading_w so-widget-orion_heading_w-base\"\n\t\t\t\n\t\t>\n\t\n\t<div class=\"row orion-heading\">\n\t\t<div class=\"col-md-12   text-left style-h3 style-text-dark \">\n\t\t\t<h3 class=\"text-dark\">\n\t\t\t\tTonifiez, vivifiez votre corps\t\t\t<\/h3>\n\t\t<\/div>\n\t<\/div>\n\n\t<\/div><\/div><\/div><div id=\"panel-3125-1-1-2\" class=\"so-panel widget widget_sow-editor panel-last-child\" data-index=\"2\" ><div class=\"orion mobile-text-center default panel-widget-style panel-widget-style-for-3125-1-1-2\" ><div\n\t\t\t\n\t\t\tclass=\"so-widget-sow-editor so-widget-sow-editor-base\"\n\t\t\t\n\t\t>\n<div class=\"siteorigin-widget-tinymce textwidget\">\n\t<div id=\"pg-975-1\" class=\"panel-grid panel-has-style\">\n<div class=\"tablet-1-in-row mobile-1-in-row panel-row-style panel-row-style-for-975-1\">\n<div id=\"pgc-975-1-0\" class=\"panel-grid-cell\">\n<div id=\"panel-975-1-0-0\" class=\"so-panel widget widget_orion_heading_w panel-first-child\" data-index=\"0\">\n<div class=\"orion mobile-text-center default panel-widget-style panel-widget-style-for-975-1-0-0\">\n<div class=\"so-widget-orion_heading_w so-widget-orion_heading_w-base\">\n<div class=\"row orion-heading\">\n<div><\/div>\n<div class=\"col-md-12 separator-style-1 text-left style-h1 style-primary-color \" style=\"text-align: left;\">ICryo, Institut Cryolipolyse Paris est une \u00e9quipe de professionnels de la sant\u00e9 qui s'aura conseiller pour adapter votre programme de traitement selon vos\u00a0 demandes et vos besoins.<\/div>\n<\/div>\n<\/div>\n<div style=\"text-align: left;\">\n<p>&nbsp;<\/p>\n<\/div>\n<\/div>\n<\/div>\n<div id=\"panel-975-1-0-2\" class=\"so-panel widget widget_sow-editor panel-last-child\" data-index=\"2\">\n<div class=\"orion mobile-text-center default panel-widget-style panel-widget-style-for-975-1-0-2\">\n<div class=\"so-widget-sow-editor so-widget-sow-editor-base\">\n<div class=\"siteorigin-widget-tinymce textwidget\">\n<p style=\"text-align: left;\">Leur \u00e9coute et leur professionnalisme s'auront vous satisfaire et vous accompagner tout au long de votre soin.<\/p>\n<\/div>\n<\/div>\n<\/div>\n<\/div>\n<p><img loading=\"lazy\" class=\"aligncenter wp-image-2687 size-full\" src=\"http:\/\/www.icryo.fr\/wp-content\/uploads\/2016\/10\/cryosq-1.png\" alt=\"\" width=\"1850\" height=\"820\" srcset=\"http:\/\/www.icryo.fr\/wp-content\/uploads\/2016\/10\/cryosq-1.png 1850w, http:\/\/www.icryo.fr\/wp-content\/uploads\/2016\/10\/cryosq-1-300x133.png 300w, http:\/\/www.icryo.fr\/wp-content\/uploads\/2016\/10\/cryosq-1-768x340.png 768w, http:\/\/www.icryo.fr\/wp-content\/uploads\/2016\/10\/cryosq-1-1024x454.png 1024w, http:\/\/www.icryo.fr\/wp-content\/uploads\/2016\/10\/cryosq-1-750x332.png 750w\" sizes=\"(max-width: 1850px) 100vw, 1850px\" \/><\/p>\n<\/div>\n<\/div>\n<\/div>\n<div id=\"pg-975-2\" class=\"panel-grid panel-has-style\">\n<div class=\"so-parallax siteorigin-panels-stretch orion-separator bottom-svg-7 bottom-svg-inside tablet-default mobile-1-in-row overlay-light panel-row-style panel-row-style-for-975-2\" data-stretch-type=\"full-stretched\">\n<div id=\"pgc-975-2-0\" class=\"panel-grid-cell\">\n<div id=\"panel-975-2-0-0\" class=\"so-panel widget widget_orion_empty_space_w panel-first-child\" data-index=\"4\">\n<div class=\"orion default panel-widget-style panel-widget-style-for-975-2-0-0\">\n<div class=\"so-widget-orion_empty_space_w so-widget-orion_empty_space_w-base\">\n<div class=\"row empty-space visible-lg visible-md visible-sm visible-xs\">\n<div id=\"pg-975-2\" class=\"panel-grid panel-has-style\">\n<div class=\"so-parallax siteorigin-panels-stretch orion-separator bottom-svg-7 bottom-svg-inside tablet-default mobile-1-in-row overlay-light panel-row-style panel-row-style-for-975-2\" data-stretch-type=\"full-stretched\">\n<div id=\"pgc-975-2-0\" class=\"panel-grid-cell\">\n<div id=\"panel-975-2-0-1\" class=\"so-panel widget widget_sow-image panel-last-child\" data-index=\"5\">\n<div><\/div>\n<div class=\"orion default panel-widget-style panel-widget-style-for-975-2-0-1\">\n<div class=\"so-widget-sow-image so-widget-sow-image-default-7877d6771435-975\">\n<div><\/div>\n<div class=\"sow-image-container\" style=\"text-align: center;\">Le Cryosquare est une machine de haute technologie, qui par son nouveau proc\u00e9d\u00e9 d\u2019aspiration et par ses cryodes en silicone, permet un traitement \u00e0 360\u00b0 sans effet secondaire. Fini les bleus et les h\u00e9matomes avec le Cryosquare.<\/div>\n<\/div>\n<\/div>\n<\/div>\n<\/div>\n<\/div>\n<\/div>\n<div id=\"pg-975-3\" class=\"panel-grid panel-has-style\" style=\"text-align: center;\">\n<div class=\"siteorigin-panels-stretch orion-separator bottom-svg-4 bottom-svg-inside tablet-2-in-row mobile-1-in-row panel-row-style panel-row-style-for-975-3\" data-stretch-type=\"full\">\n<div id=\"pgc-975-3-0\" class=\"panel-grid-cell\">\n<div id=\"panel-975-3-0-0\" class=\"so-panel widget widget_sow-editor panel-first-child panel-last-child\" style=\"text-align: center;\" data-index=\"6\">\n<div class=\"orion default panel-widget-style panel-widget-style-for-975-3-0-0\">\n<div class=\"so-widget-sow-editor so-widget-sow-editor-base\">\n<div class=\"siteorigin-widget-tinymce textwidget\">\n<p style=\"text-align: center;\">La cryolipolyse est un traitement des graisses par le froid qui agit efficacement sur les cellules graisseuses formant ces amas sous cutan\u00e9s.<\/p>\n<p style=\"text-align: center;\">Elle permet de sculpter la silhouette\u00a0\u00a0gr\u00e2ce \u00e0 l\u2019application de froid localis\u00e9e sur les zones de surcharge graisseuse. Le tissus graisseux est alors soumis \u00e0 une temp\u00e9rature situ\u00e9e entre 0\u00b0 et -5\u00b0 pendant 30 \u00e0 45 minutes le type de graisse et l'\u00e9paisseur de la zone \u00e0 traiter. Pendant le traitement, deux phases de chaud tr\u00e8s courtes vont permettre d'effectuer un choc thermique sur les tissus et ainsi permettre d'am\u00e9liorer la lipolyse des graisses.<\/p>\n<p style=\"text-align: center;\">Les lipides contenu dans les adipocytes sont cristallis\u00e9s ce qui va provoquer une apoptose de ces cellules. Les triglyc\u00e9rides sont alors lib\u00e9r\u00e9s et \u00e9limin\u00e9s lentement par l\u2019organisme. Ce ph\u00e9nom\u00e8ne n\u2019affecte ni la peau, ni les autres tissus.<\/p>\n<p style=\"text-align: center;\">Le proc\u00e9d\u00e9 de cette technologie consiste \u00e0 traiter la zone couche par couche, ceci assurant un meilleur r\u00e9sultat. Cette application localis\u00e9e peut-\u00eatre renouvel\u00e9e jusqu'\u00e0 diminution compl\u00e8te de la surcharge graisseuse. En revanche, la cryolipolyse n\u2019est pas un traitement de l\u2019ob\u00e9sit\u00e9 ou du surpoids.<\/p>\n<p style=\"text-align: center;\">Le bourrelet peut \u00eatre diminu\u00e9 de 60 \u00e0 75% et de fa\u00e7on durable. Il faut compter entre 1 et 6 s\u00e9ances \u00e0 raison de 1 \u00e0 2 s\u00e9ances par mois selon le type de graisse et l'\u00e9paisseur de la zone \u00e0 traiter.<\/p>\n<\/div>\n<\/div>\n<\/div>\n<\/div>\n<p style=\"text-align: center;\"><strong>Une bonne hygi\u00e8ne de vie et une nutrition adapt\u00e9e permettent d'am\u00e9liorer consid\u00e9rablement les r\u00e9sultats d'un traitement par Cryolipolyse.<\/strong><\/p>\n<p style=\"text-align: center;\">Notre Coach en Nutrition peut vous suivre tout au long de votre parcours afin d'optimiser les s\u00e9ances et surtout de vous aider \u00e0 atteindre vos objectifs de perte de poids, sans aucun risque de carence ou de fatigue.<\/p>\n<\/div>\n<\/div>\n<\/div>\n<p style=\"text-align: center;\"><img loading=\"lazy\" class=\"wp-image-2796 size-medium aligncenter\" src=\"http:\/\/www.icryo.fr\/wp-content\/uploads\/2018\/02\/407_machine_a_glacons-300x261.jpg\" alt=\"\" width=\"300\" height=\"261\" srcset=\"http:\/\/www.icryo.fr\/wp-content\/uploads\/2018\/02\/407_machine_a_glacons-300x261.jpg 300w, http:\/\/www.icryo.fr\/wp-content\/uploads\/2018\/02\/407_machine_a_glacons.jpg 371w\" sizes=\"(max-width: 300px) 100vw, 300px\" \/><\/p>\n<\/div>\n<\/div>\n<\/div>\n<\/div>\n<\/div>\n<\/div>\n<\/div>\n<div id=\"panel-2856-1-0-3\" class=\"so-panel widget widget_sow-editor panel-last-child\" data-index=\"3\">\n<div class=\"orion mobile-text-center default panel-widget-style panel-widget-style-for-2856-1-0-3\">\n<div class=\"so-widget-sow-editor so-widget-sow-editor-base\">\n<div class=\"siteorigin-widget-tinymce textwidget\">\n<p>&nbsp;<\/p>\n<\/div>\n<\/div>\n<\/div>\n<\/div>\n<p style=\"text-align: center;\"><span style=\"vertical-align: inherit;\"><span style=\"vertical-align: inherit;\"><span style=\"vertical-align: inherit;\"><span style=\"vertical-align: inherit;\"><span style=\"vertical-align: inherit;\"><span style=\"vertical-align: inherit;\"><span style=\"vertical-align: inherit;\"><span style=\"vertical-align: inherit;\"><span style=\"vertical-align: inherit;\"><span style=\"vertical-align: inherit;\"><span style=\"vertical-align: inherit;\"><span style=\"vertical-align: inherit;\"><span style=\"vertical-align: inherit;\"><span style=\"vertical-align: inherit;\"><span style=\"vertical-align: inherit;\"><span style=\"vertical-align: inherit;\">Si vous avez la moindre question, n'h\u00e9sitez pas \u00e0 <\/span><\/span><\/span><\/span><\/span><\/span><\/span><\/span><\/span><\/span><\/span><\/span><\/span><\/span><\/span><\/span><span style=\"color: #3366ff;\"><strong><a style=\"color: #3366ff;\" href=\"http:\/\/www.icryo.fr\/index.php\/contact\/\"><span style=\"vertical-align: inherit;\"><span style=\"vertical-align: inherit;\"><span style=\"vertical-align: inherit;\"><span style=\"vertical-align: inherit;\"><span style=\"vertical-align: inherit;\"><span style=\"vertical-align: inherit;\"><span style=\"vertical-align: inherit;\"><span style=\"vertical-align: inherit;\"><span style=\"vertical-align: inherit;\"><span style=\"vertical-align: inherit;\"><span style=\"vertical-align: inherit;\"><span style=\"vertical-align: inherit;\"><span style=\"vertical-align: inherit;\"><span style=\"vertical-align: inherit;\"><span style=\"vertical-align: inherit;\"><span style=\"vertical-align: inherit;\">nous contacter<\/span><\/span><\/span><\/span><\/span><\/span><\/span><\/span><\/span><\/span><\/span><\/span><\/span><\/span><\/span><\/span><\/a><\/strong><\/span><\/p>\n<div id=\"panel-1000-3-1-2\" class=\"so-panel widget widget_sow-editor panel-last-child\" style=\"text-align: left;\" data-index=\"9\"><\/div>\n<\/div>\n<\/div><\/div><\/div><\/div><div id=\"pgc-3125-1-2\"  class=\"panel-grid-cell panel-grid-cell-empty\" ><\/div><\/div><\/div><div id=\"pg-3125-2\"  class=\"panel-grid panel-has-style\" ><div class=\"siteorigin-panels-stretch orion-separator bottom-svg-4 bottom-svg-inside tablet-2-in-row mobile-1-in-row panel-row-style panel-row-style-for-3125-2\" data-stretch-type=\"full\" ><div id=\"pgc-3125-2-0\"  class=\"panel-grid-cell panel-grid-cell-empty\" ><\/div><\/div><\/div><div id=\"pg-3125-3\"  class=\"panel-grid panel-has-style\" ><div class=\"siteorigin-panels-stretch orion-separator bottom-svg-4 bottom-svg-inside tablet-2-in-row mobile-1-in-row panel-row-style panel-row-style-for-3125-3\" data-stretch-type=\"full\" ><div id=\"pgc-3125-3-0\"  class=\"panel-grid-cell panel-grid-cell-empty\" ><\/div><\/div><\/div><div id=\"pg-3125-4\"  class=\"panel-grid panel-has-style\" ><div class=\"siteorigin-panels-stretch orion-separator bottom-svg-4 bottom-svg-inside tablet-2-in-row mobile-1-in-row panel-row-style panel-row-style-for-3125-4\" data-stretch-type=\"full\" ><div id=\"pgc-3125-4-0\"  class=\"panel-grid-cell panel-grid-cell-empty\" ><\/div><div id=\"pgc-3125-4-1\"  class=\"panel-grid-cell panel-grid-cell-empty\" ><\/div><div id=\"pgc-3125-4-2\"  class=\"panel-grid-cell panel-grid-cell-empty panel-grid-cell-mobile-last\" ><\/div><div id=\"pgc-3125-4-3\"  class=\"panel-grid-cell panel-grid-cell-empty\" ><\/div><\/div><\/div><\/div>","protected":false},"excerpt":{"rendered":"<p>ICryo, Institut Cryolipolyse Paris est une \u00e9quipe de professionnels de la sant\u00e9 qui s&rsquo;aura conseiller pour adapter votre programme de traitement selon vos\u00a0 demandes et vos besoins. &nbsp; Leur \u00e9coute et leur professionnalisme s&rsquo;auront vous satisfaire et vous accompagner tout au long de votre soin. Le Cryosquare est une machine de haute technologie, qui par<\/p>\n","protected":false},"author":1,"featured_media":0,"parent":0,"menu_order":0,"comment_status":"closed","ping_status":"closed","template":"","meta":{"_mi_skip_tracking":false},"_links":{"self":[{"href":"http:\/\/www.icryo.fr\/index.php\/wp-json\/wp\/v2\/pages\/3125"}],"collection":[{"href":"http:\/\/www.icryo.fr\/index.php\/wp-json\/wp\/v2\/pages"}],"about":[{"href":"http:\/\/www.icryo.fr\/index.php\/wp-json\/wp\/v2\/types\/page"}],"author":[{"embeddable":true,"href":"http:\/\/www.icryo.fr\/index.php\/wp-json\/wp\/v2\/users\/1"}],"replies":[{"embeddable":true,"href":"http:\/\/www.icryo.fr\/index.php\/wp-json\/wp\/v2\/comments?post=3125"}],"version-history":[{"count":42,"href":"http:\/\/www.icryo.fr\/index.php\/wp-json\/wp\/v2\/pages\/3125\/revisions"}],"predecessor-version":[{"id":3185,"href":"http:\/\/www.icryo.fr\/index.php\/wp-json\/wp\/v2\/pages\/3125\/revisions\/3185"}],"wp:attachment":[{"href":"http:\/\/www.icryo.fr\/index.php\/wp-json\/wp\/v2\/media?parent=3125"}],"curies":[{"name":"wp","href":"https:\/\/api.w.org\/{rel}","templated":true}]}}