{"id":3161,"date":"2022-10-02T18:20:04","date_gmt":"2022-10-02T18:20:04","guid":{"rendered":"http:\/\/www.icryo.fr\/?page_id=3161"},"modified":"2024-11-03T12:28:33","modified_gmt":"2024-11-03T12:28:33","slug":"about-2-2-2-3","status":"publish","type":"page","link":"http:\/\/www.icryo.fr\/index.php\/about-2-2-2-3\/","title":{"rendered":"Tarifs cryolipolyse"},"content":{"rendered":"<div id=\"pl-3161\"  class=\"panel-layout\" ><div id=\"pg-3161-0\"  class=\"panel-grid panel-has-style\" ><div class=\"tablet-default mobile-1-in-row panel-row-style panel-row-style-for-3161-0\" ><div id=\"pgc-3161-0-0\"  class=\"panel-grid-cell panel-grid-cell-empty\" ><\/div><\/div><\/div><div id=\"pg-3161-1\"  class=\"panel-grid panel-has-style\" ><div class=\"tablet-1-in-row mobile-1-in-row panel-row-style panel-row-style-for-3161-1\" ><div id=\"pgc-3161-1-0\"  class=\"panel-grid-cell\" ><div id=\"panel-3161-1-0-0\" class=\"so-panel widget widget_orion_heading_w panel-first-child\" data-index=\"0\" ><div class=\"orion mobile-text-center default panel-widget-style panel-widget-style-for-3161-1-0-0\" ><div\n\t\t\t\n\t\t\tclass=\"so-widget-orion_heading_w so-widget-orion_heading_w-base\"\n\t\t\t\n\t\t>\n\t\n\t<div class=\"row orion-heading\">\n\t\t<div class=\"col-md-12  separator-style-1 text-left style-h1 style-primary-color \">\n\t\t\t<h1 class=\"primary-color\">\n\t\t\t\tTARIFS CRYOLIPOLYSE\t\t\t<\/h1>\n\t\t<\/div>\n\t<\/div>\n\n\t<\/div><\/div><\/div><div id=\"panel-3161-1-0-1\" class=\"so-panel widget widget_orion_heading_w\" data-index=\"1\" ><div class=\"orion mobile-text-center default panel-widget-style panel-widget-style-for-3161-1-0-1\" ><div\n\t\t\t\n\t\t\tclass=\"so-widget-orion_heading_w so-widget-orion_heading_w-base\"\n\t\t\t\n\t\t>\n\t\n\t<div class=\"row orion-heading\">\n\t\t<div class=\"col-md-12   text-left style-h3 style-text-dark \">\n\t\t\t<h3 class=\"text-dark\">\n\t\t\t\t1 ZONE, 2 ZONES ET PLUS ENCORE ... \t\t\t<\/h3>\n\t\t<\/div>\n\t<\/div>\n\n\t<\/div><\/div><\/div><div id=\"panel-3161-1-0-2\" class=\"so-panel widget widget_orion_heading_w\" data-index=\"2\" ><div class=\"orion mobile-text-center default panel-widget-style panel-widget-style-for-3161-1-0-2\" ><div\n\t\t\t\n\t\t\tclass=\"so-widget-orion_heading_w so-widget-orion_heading_w-base\"\n\t\t\t\n\t\t>\n\t\n\t<div class=\"row orion-heading\">\n\t\t<div class=\"col-md-12  separator-style-2 text-center style-h3 style-primary-color \">\n\t\t\t<h3 class=\"primary-color\">\n\t\t\t\tA PARTIR DE 150e SEULEMENT\t\t\t<\/h3>\n\t\t<\/div>\n\t<\/div>\n\n\t<\/div><\/div><\/div><div id=\"panel-3161-1-0-3\" class=\"so-panel widget widget_sow-editor panel-last-child\" data-index=\"3\" ><div class=\"orion mobile-text-center default panel-widget-style panel-widget-style-for-3161-1-0-3\" ><div\n\t\t\t\n\t\t\tclass=\"so-widget-sow-editor so-widget-sow-editor-base\"\n\t\t\t\n\t\t>\n<div class=\"siteorigin-widget-tinymce textwidget\">\n\t<p style=\"text-align: left;\"><strong><span style=\"vertical-align: inherit;\"><span style=\"vertical-align: inherit;\"><span style=\"vertical-align: inherit;\"><span style=\"vertical-align: inherit;\"><span style=\"vertical-align: inherit;\"><span style=\"vertical-align: inherit;\"><span style=\"vertical-align: inherit;\"><span style=\"vertical-align: inherit;\"><span style=\"vertical-align: inherit;\"><span style=\"vertical-align: inherit;\"><span style=\"vertical-align: inherit;\"><span style=\"vertical-align: inherit;\">Le\u00a0Cryosquare avec ces 4 cryodes permet de traiter plusieurs zones \u00e0 la fois.<\/span><\/span><\/span><\/span><\/span><\/span><\/span><\/span><\/span><\/span><\/span><\/span><\/strong><\/p>\n<p>Les zones qui peuvent \u00eatre trait\u00e9es sont les suivantes:<\/p>\n<ul>\n<li>Le Ventre<\/li>\n<li>Les Flancs<\/li>\n<li>Les Cuisses<\/li>\n<li>Les Fesses<\/li>\n<li>L\u2019Int\u00e9rieur des cuisses<\/li>\n<li>L'Ext\u00e9rieur des cuisses<\/li>\n<li>Les Genoux<\/li>\n<li>\u00a0Les Bras<\/li>\n<\/ul>\n<h4 style=\"text-align: center;\"><strong><span style=\"vertical-align: inherit;\">TARIFS<\/span><\/strong><\/h4>\n<h4 style=\"text-align: center;\">1 ZONE : 150 euros TTC<\/h4>\n<h4 style=\"text-align: center;\">2 ZONES : 280 euros TTC<\/h4>\n<h4 style=\"text-align: center;\">3 ZONES : 400 euros TTC<\/h4>\n<h4 style=\"text-align: center;\">4 ZONES: 500 euros TTC<\/h4>\n<p style=\"text-align: center;\"><span style=\"vertical-align: inherit;\"><span style=\"vertical-align: inherit;\"><span style=\"vertical-align: inherit;\"><span style=\"vertical-align: inherit;\"><span style=\"vertical-align: inherit;\"><span style=\"vertical-align: inherit;\"><span style=\"vertical-align: inherit;\"><span style=\"vertical-align: inherit;\"><span style=\"vertical-align: inherit;\"><span style=\"vertical-align: inherit;\"><span style=\"vertical-align: inherit;\"><span style=\"vertical-align: inherit;\"><span style=\"vertical-align: inherit;\"><span style=\"vertical-align: inherit;\"><span style=\"vertical-align: inherit;\"><span style=\"vertical-align: inherit;\">Si vous avez la moindre question, n'h\u00e9sitez pas \u00e0 <\/span><\/span><\/span><\/span><\/span><\/span><\/span><\/span><\/span><\/span><\/span><\/span><\/span><\/span><\/span><\/span><span style=\"color: #3366ff;\"><strong><a style=\"color: #3366ff;\" href=\"http:\/\/www.icryo.fr\/index.php\/contact\/\"><span style=\"vertical-align: inherit;\"><span style=\"vertical-align: inherit;\"><span style=\"vertical-align: inherit;\"><span style=\"vertical-align: inherit;\"><span style=\"vertical-align: inherit;\"><span style=\"vertical-align: inherit;\"><span style=\"vertical-align: inherit;\"><span style=\"vertical-align: inherit;\"><span style=\"vertical-align: inherit;\"><span style=\"vertical-align: inherit;\"><span style=\"vertical-align: inherit;\"><span style=\"vertical-align: inherit;\"><span style=\"vertical-align: inherit;\"><span style=\"vertical-align: inherit;\"><span style=\"vertical-align: inherit;\"><span style=\"vertical-align: inherit;\">nous contacter<\/span><\/span><\/span><\/span><\/span><\/span><\/span><\/span><\/span><\/span><\/span><\/span><\/span><\/span><\/span><\/span><\/a><\/strong><\/span><\/p>\n<div id=\"panel-1000-3-1-2\" class=\"so-panel widget widget_sow-editor panel-last-child\" data-index=\"9\"><\/div>\n<\/div>\n<\/div><\/div><\/div><\/div><div id=\"pgc-3161-1-1\"  class=\"panel-grid-cell\" ><div id=\"panel-3161-1-1-0\" class=\"so-panel widget widget_orion_image_w panel-first-child panel-last-child\" data-index=\"4\" ><div class=\"orion mobile-text-center default panel-widget-style panel-widget-style-for-3161-1-1-0\" ><div\n\t\t\t\n\t\t\tclass=\"so-widget-orion_image_w so-widget-orion_image_w-base\"\n\t\t\t\n\t\t>\n<div class=\"image-w relative\">\n\n\t\t\t\t\n\t\t\t\t\t<div class=\" overlay-none overlay-hover-none\">\n\t\t\t\t\t<img width=\"237\" height=\"461\" src=\"http:\/\/www.icryo.fr\/wp-content\/uploads\/2018\/02\/cryolipolyse-par-contraste2.png\" class=\"attachment- size-\" alt=\"\" loading=\"lazy\" \/>\t\t\t<div class=\"overlay\"><\/div>\n\t\t\t\t\t<\/div>\n\t\t\t\n\t\n\t<div class=\"absolute\">\n\t\t<div class=\"hover-desc table-wrap\">\n\t\t\t<div class=\"cell-wrap text-light\">\n\t\t\t\t\t\t\t<\/div>\n\t\t<\/div>\n\t<\/div>\t\t\t\t\t\n<\/div>\n\n<\/div><\/div><\/div><\/div><\/div><\/div><div id=\"pg-3161-2\"  class=\"panel-grid panel-has-style\" ><div class=\"so-parallax siteorigin-panels-stretch orion-separator bottom-svg-7 bottom-svg-inside tablet-default mobile-1-in-row overlay-light panel-row-style panel-row-style-for-3161-2\" data-stretch-type=\"full-stretched\" ><img width=\"1920\" height=\"1280\" src=\"http:\/\/www.icryo.fr\/wp-content\/uploads\/2016\/10\/dentalia-demo-bg-1.jpg\" class=\"attachment-full size-full\" alt=\"\" loading=\"eager\" data-siteorigin-parallax=\"true\" srcset=\"http:\/\/www.icryo.fr\/wp-content\/uploads\/2016\/10\/dentalia-demo-bg-1.jpg 1920w, http:\/\/www.icryo.fr\/wp-content\/uploads\/2016\/10\/dentalia-demo-bg-1-300x200.jpg 300w, http:\/\/www.icryo.fr\/wp-content\/uploads\/2016\/10\/dentalia-demo-bg-1-768x512.jpg 768w, http:\/\/www.icryo.fr\/wp-content\/uploads\/2016\/10\/dentalia-demo-bg-1-1024x683.jpg 1024w, http:\/\/www.icryo.fr\/wp-content\/uploads\/2016\/10\/dentalia-demo-bg-1-750x500.jpg 750w, http:\/\/www.icryo.fr\/wp-content\/uploads\/2016\/10\/dentalia-demo-bg-1-272x182.jpg 272w\" sizes=\"(max-width: 1920px) 100vw, 1920px\" \/><div id=\"pgc-3161-2-0\"  class=\"panel-grid-cell panel-grid-cell-empty\" ><\/div><\/div><\/div><div id=\"pg-3161-3\"  class=\"panel-grid panel-has-style\" ><div class=\"siteorigin-panels-stretch orion-separator bottom-svg-4 bottom-svg-inside tablet-2-in-row mobile-1-in-row panel-row-style panel-row-style-for-3161-3\" data-stretch-type=\"full\" ><div id=\"pgc-3161-3-0\"  class=\"panel-grid-cell panel-grid-cell-empty\" ><\/div><\/div><\/div><div id=\"pg-3161-4\"  class=\"panel-grid panel-has-style\" ><div class=\"siteorigin-panels-stretch orion-separator bottom-svg-4 bottom-svg-inside tablet-2-in-row mobile-1-in-row panel-row-style panel-row-style-for-3161-4\" data-stretch-type=\"full\" ><div id=\"pgc-3161-4-0\"  class=\"panel-grid-cell panel-grid-cell-empty\" ><\/div><div id=\"pgc-3161-4-1\"  class=\"panel-grid-cell panel-grid-cell-empty\" ><\/div><div id=\"pgc-3161-4-2\"  class=\"panel-grid-cell panel-grid-cell-empty panel-grid-cell-mobile-last\" ><\/div><div id=\"pgc-3161-4-3\"  class=\"panel-grid-cell panel-grid-cell-empty\" ><\/div><\/div><\/div><\/div>","protected":false},"excerpt":{"rendered":"<p>Le\u00a0Cryosquare avec ces 4 cryodes permet de traiter plusieurs zones \u00e0 la fois. Les zones qui peuvent \u00eatre trait\u00e9es sont les suivantes: Le Ventre Les Flancs Les Cuisses Les Fesses L\u2019Int\u00e9rieur des cuisses L&rsquo;Ext\u00e9rieur des cuisses Les Genoux \u00a0Les Bras TARIFS 1 ZONE : 150 euros TTC 2 ZONES : 280 euros TTC 3 ZONES<\/p>\n","protected":false},"author":1,"featured_media":0,"parent":0,"menu_order":0,"comment_status":"closed","ping_status":"closed","template":"","meta":{"_mi_skip_tracking":false},"_links":{"self":[{"href":"http:\/\/www.icryo.fr\/index.php\/wp-json\/wp\/v2\/pages\/3161"}],"collection":[{"href":"http:\/\/www.icryo.fr\/index.php\/wp-json\/wp\/v2\/pages"}],"about":[{"href":"http:\/\/www.icryo.fr\/index.php\/wp-json\/wp\/v2\/types\/page"}],"author":[{"embeddable":true,"href":"http:\/\/www.icryo.fr\/index.php\/wp-json\/wp\/v2\/users\/1"}],"replies":[{"embeddable":true,"href":"http:\/\/www.icryo.fr\/index.php\/wp-json\/wp\/v2\/comments?post=3161"}],"version-history":[{"count":8,"href":"http:\/\/www.icryo.fr\/index.php\/wp-json\/wp\/v2\/pages\/3161\/revisions"}],"predecessor-version":[{"id":3251,"href":"http:\/\/www.icryo.fr\/index.php\/wp-json\/wp\/v2\/pages\/3161\/revisions\/3251"}],"wp:attachment":[{"href":"http:\/\/www.icryo.fr\/index.php\/wp-json\/wp\/v2\/media?parent=3161"}],"curies":[{"name":"wp","href":"https:\/\/api.w.org\/{rel}","templated":true}]}}