{"id":3186,"date":"2022-10-02T18:34:52","date_gmt":"2022-10-02T18:34:52","guid":{"rendered":"http:\/\/www.icryo.fr\/?page_id=3186"},"modified":"2022-10-02T18:59:44","modified_gmt":"2022-10-02T18:59:44","slug":"about-2-2-3-3-2","status":"publish","type":"page","link":"http:\/\/www.icryo.fr\/index.php\/about-2-2-3-3-2\/","title":{"rendered":"A savoir"},"content":{"rendered":"<div id=\"pl-3186\"  class=\"panel-layout\" ><div id=\"pg-3186-0\"  class=\"panel-grid panel-has-style\" ><div class=\"tablet-default mobile-1-in-row panel-row-style panel-row-style-for-3186-0\" ><div id=\"pgc-3186-0-0\"  class=\"panel-grid-cell panel-grid-cell-empty\" ><\/div><\/div><\/div><div id=\"pg-3186-1\"  class=\"panel-grid panel-has-style\" ><div class=\"tablet-1-in-row mobile-1-in-row panel-row-style panel-row-style-for-3186-1\" ><div id=\"pgc-3186-1-0\"  class=\"panel-grid-cell\" ><div id=\"panel-3186-1-0-0\" class=\"so-panel widget widget_orion_heading_w panel-first-child\" data-index=\"0\" ><div class=\"orion mobile-text-center default panel-widget-style panel-widget-style-for-3186-1-0-0\" ><div\n\t\t\t\n\t\t\tclass=\"so-widget-orion_heading_w so-widget-orion_heading_w-base\"\n\t\t\t\n\t\t>\n\t\n\t<div class=\"row orion-heading\">\n\t\t<div class=\"col-md-12  separator-style-1 text-left style-h1 style-primary-color \">\n\t\t\t<h1 class=\"primary-color\">\n\t\t\t\tEPILATION LASER ET SOLEIL\t\t\t<\/h1>\n\t\t<\/div>\n\t<\/div>\n\n\t<\/div><\/div><\/div><div id=\"panel-3186-1-0-1\" class=\"so-panel widget widget_orion_heading_w\" data-index=\"1\" ><div class=\"orion mobile-text-center default panel-widget-style panel-widget-style-for-3186-1-0-1\" ><div\n\t\t\t\n\t\t\tclass=\"so-widget-orion_heading_w so-widget-orion_heading_w-base\"\n\t\t\t\n\t\t>\n\t\n\t<div class=\"row orion-heading\">\n\t\t<div class=\"col-md-12   text-left style-h3 style-text-dark \">\n\t\t\t<h3 class=\"text-dark\">\n\t\t\t\tEST-IL ENCORE TEMPS DE D\u00c9MARRER MES\u00a0S\u00c9ANCES D\u2019\u00c9PILATION LASER D\u00c9FINITIVE\u00a0JUSTE AVANT L\u2019\u00c9T\u00c9 ?\t\t\t<\/h3>\n\t\t<\/div>\n\t<\/div>\n\n\t<\/div><\/div><\/div><div id=\"panel-3186-1-0-2\" class=\"so-panel widget widget_orion_heading_w\" data-index=\"2\" ><div class=\"orion mobile-text-center default panel-widget-style panel-widget-style-for-3186-1-0-2\" ><div\n\t\t\t\n\t\t\tclass=\"so-widget-orion_heading_w so-widget-orion_heading_w-base\"\n\t\t\t\n\t\t>\n\t\n\t<div class=\"row orion-heading\">\n\t\t<div class=\"col-md-12  separator-style-2 text-left style-h3 style-primary-color \">\n\t\t\t<h3 class=\"primary-color\">\n\t\t\t\tLA R\u00c9PONSE EST OUI !\u00a0\t\t\t<\/h3>\n\t\t<\/div>\n\t<\/div>\n\n\t<\/div><\/div><\/div><div id=\"panel-3186-1-0-3\" class=\"so-panel widget widget_sow-editor\" data-index=\"3\" ><div class=\"orion mobile-text-center default panel-widget-style panel-widget-style-for-3186-1-0-3\" ><div\n\t\t\t\n\t\t\tclass=\"so-widget-sow-editor so-widget-sow-editor-base\"\n\t\t\t\n\t\t>\n<div class=\"siteorigin-widget-tinymce textwidget\">\n\t<div class=\"mkdf-post-info-top\">\n<div class=\"mkdf-tags-holder\">\n<div class=\"mkdf-tags\">Epilation laser et soleil, la question revient tr\u00e8s souvent et la r\u00e9ponse est finalement simple. D\u00e9marrer vos <strong>s\u00e9ances d\u2019\u00e9pilation d\u00e9finitive au laser<\/strong>\u00a0avant les premi\u00e8res expositions au soleil vous assure des jambes toutes douces pour bien d\u00e9marrer la saison.<\/div>\n<\/div>\n<\/div>\n<div class=\"mkdf-post-text-main\">\n<div class=\"vc_row wpb_row vc_row-fluid\">\n<div class=\"wpb_column vc_column_container vc_col-sm-12\">\n<div class=\"vc_column-inner\">\n<div class=\"wpb_wrapper\">\n<div class=\"wpb_text_column wpb_content_element \">\n<div class=\"wpb_wrapper\">\n<p>Mars, avril et mai sont m\u00eame les meilleurs mois pour le faire car vous allez pouvoir passer un \u00e9t\u00e9 tranquille.<\/p>\n<\/div>\n<\/div>\n<div class=\"wpb_text_column wpb_content_element \">\n<div class=\"wpb_wrapper\">\n<h3><strong>LES CONSIGNES POUR UNE \u00c9PILATION LASER R\u00c9USSIE<\/strong><\/h3>\n<p>Cependant, l\u2019\u00e9pilation d\u00e9finitive\u00a0<strong>se fait toujours sur une peau non bronz\u00e9e.<\/strong>\u00a0Cela\u00a0ne veut pas dire une peau claire, mais<strong>\u00a0une peau qui n\u2019a pas \u00e9t\u00e9 expos\u00e9e au rayon du soleil depuis au moins 1 mois<\/strong>\u00a0!<br \/>\n<strong>Actuellement c\u2019est donc le moment id\u00e9al pour franchir le cap.<\/strong><br \/>\nOn espace g\u00e9n\u00e9ralement chaque s\u00e9ance de la suivante de 4 \u00e0 6 semaines. Si vous commencez maintenant, vous aurez encore le temps de programmer une seconde voir une troisi\u00e8me s\u00e9ance avant l\u2019\u00e9t\u00e9.<br \/>\nTout d\u00e9pendra de la date de votre premi\u00e8re exposition.<br \/>\nA chaque s\u00e9ance, vous noterez une r\u00e9duction de votre pilosit\u00e9 de 20%. Ce qui signifie simplement que\u00a0<strong>2 \u00e0 3 s\u00e9ances d\u2019\u00e9pilation d\u00e9finitive au laser pr\u00e9vues d\u2019ici l\u2019arriv\u00e9e des beaux jours vous garantissent 40 % \u00e0 60 % de pilosit\u00e9\u00a0en moins<\/strong>\u00a0pour l\u2019\u00e9t\u00e9 et le soleil qui arrive !<\/p>\n<\/div>\n<\/div>\n<div class=\"wpb_text_column wpb_content_element \">\n<div class=\"wpb_wrapper\">\n<h3><strong>LES OPTIONS DURANT L\u2019\u00c9T\u00c9<\/strong><\/h3>\n<p>Deux options s\u2019offrent \u00e0 vous pendant l\u2019\u00e9t\u00e9 durant votre protocole d\u2019\u00e9pilation laser d\u00e9finitive :<\/p>\n<p>1\/\u00a0<strong>Soit vous faites l\u2019impasse sur la \u00ab\u00a0<i>bronzette<\/i>\u00a0\u00bb<\/strong>\u00a0cette ann\u00e9e, ce qui veut dire ZERO exposition au rayon UV et vous pouvez continuer d\u2019encha\u00eener les s\u00e9ances toutes les 4 \u00e0 6 semaines. Si vous souhaitez des zones habituellement non expos\u00e9es (maillot, aisselles\u2026), il est possible d\u2019envisager ces s\u00e9ances\u00a0<strong>durant l\u2019\u00e9t\u00e9.<\/strong>\u00a0Et ce,\u00a0<b>m\u00eam<\/b><strong>e\u00a0si votre peau pr\u00e9sente un bronzage sur les autres zones.<\/strong><\/p>\n<p>2\/<strong>\u00a0Soit vous d\u00e9cidez de faire une pause pendant l\u2019\u00e9t\u00e9<\/strong>\u00a0et de profiter des premiers effets b\u00e9n\u00e9fiques de ces premi\u00e8res s\u00e9ances d\u2019\u00e9pilation.<\/p>\n<p>Finalement, vous reprendrez alors vos s\u00e9ances une fois que votre peau aura \u00ab\u00a0<i>d\u00e9bronz\u00e9\u00a0<\/i>\u00bb et que vous ne vous serez plus expos\u00e9(e) au soleil depuis au moins 1 mois. Cela correspond g\u00e9n\u00e9ralement au d\u00e9but du mois d\u2019octobre.<\/p>\n<\/div>\n<\/div>\n<div class=\"wpb_text_column wpb_content_element \">\n<div class=\"wpb_wrapper\">\n<h3><strong>LE R\u00c9SULTAT FINAL<\/strong><\/h3>\n<p><strong>Qu\u2019importe l\u2019option choisie, il est donc encore et toujours temps de d\u00e9marrer vos s\u00e9ances d\u2019\u00e9pilation d\u00e9finitive au laser.<\/strong><\/p>\n<p>Il faudra de toute fa\u00e7on compter entre 4 \u00e0 6 s\u00e9ances pour un r\u00e9sultat optimal. Cela correspond approximativement \u00e0 un protocole de 6 \u00e0 8 mois, s\u2019il n\u2019y a pas d\u2019interruption de traitement.<\/p>\n<p>Si vous faites une pause dans vos s\u00e9ances pendant l\u2019\u00e9t\u00e9, pour pouvoir profiter pleinement de la saison, il faudra alors compter 4 \u00e0 5 mois suppl\u00e9mentaires. En fonction de votre peau.<\/p>\n<p><strong>D\u00e9marrer un traitement d\u2019\u00e9pilation d\u00e9finitive au laser ne vous emp\u00eache en rien de profiter des beaux jours, de la plage et du soleil durant l\u2019\u00e9t\u00e9.<\/strong> Si vous d\u00e9cidez de faire une pause pendant la proc\u00e9dure, il faudra simplement pr\u00e9voir plus de temps pour voir le r\u00e9sultat final.<\/p>\n<\/div>\n<\/div>\n<\/div>\n<\/div>\n<\/div>\n<\/div>\n<\/div>\n<\/div>\n<\/div><\/div><\/div><div id=\"panel-3186-1-0-4\" class=\"so-panel widget widget_orion_heading_w\" data-index=\"4\" ><div class=\"orion mobile-text-center default panel-widget-style panel-widget-style-for-3186-1-0-4\" ><div\n\t\t\t\n\t\t\tclass=\"so-widget-orion_heading_w so-widget-orion_heading_w-base\"\n\t\t\t\n\t\t>\n\t\n\t<div class=\"row orion-heading\">\n\t\t<div class=\"col-md-12  separator-style-1 text-left style-h2 style-primary-color \">\n\t\t\t<h2 class=\"primary-color\">\n\t\t\t\tLES ERREURS \u00c0 NE PAS COMMETTRE AVANT VOTRE S\u00c9ANCE D\u2019\u00c9PILATION D\u00c9FINITIVE\t\t\t<\/h2>\n\t\t<\/div>\n\t<\/div>\n\n\t<\/div><\/div><\/div><div id=\"panel-3186-1-0-5\" class=\"so-panel widget widget_sow-editor panel-last-child\" data-index=\"5\" ><div class=\"orion mobile-text-center default panel-widget-style panel-widget-style-for-3186-1-0-5\" ><div\n\t\t\t\n\t\t\tclass=\"so-widget-sow-editor so-widget-sow-editor-base\"\n\t\t\t\n\t\t>\n<div class=\"siteorigin-widget-tinymce textwidget\">\n\t<div class=\"mkdf-post-info-top\">\n<div class=\"mkdf-tags-holder\">\n<div class=\"mkdf-tags\">\n<div class=\"mkdf-post-info-top\">\n<div class=\"mkdf-post-info-category\">Votre d\u00e9cision est prise et vous allez enfin vous d\u00e9barrasser d\u00e9finitivement de cette pilosit\u00e9 qui vous d\u00e9range !<\/div>\n<\/div>\n<div class=\"mkdf-post-text-main\">\n<p>Cependant il est important de conna\u00eetre\u00a0<strong>les pr\u00e9cautions \u00e0 prendre\u00a0<\/strong>et les erreurs \u00e0 ne pas commettre avant votre s\u00e9ance afin de ne pas g\u00e2cher votre \u00a0rendez-vous.<\/p>\n<p>&nbsp;<\/p>\n<h3><strong>1\/ LE BRONZAGE<\/strong><\/h3>\n<p>Il est tr\u00e8s important d\u2019insister sur ce point qui repr\u00e9sente une des\u00a0<strong>principale contre-indication \u00e0 l\u2019\u00e9pilation d\u00e9finitive au laser.\u00a0<\/strong><\/p>\n<p>L\u2019<strong>\u00e9pilation d\u00e9finitive<\/strong>\u00a0ne peut se faire que sur une peau\u00a0<strong>non bronz\u00e9e et non expos\u00e9e au soleil depuis au moins 1 mois <\/strong>sous peine de risque important de br\u00fblures et de d\u00e9pigmentation de la peau.<\/p>\n<p>Si tel est le cas, sachez que votre rendez-vous ne pourra avoir lieu et sera alors report\u00e9 \u00e0 une date ult\u00e9rieure ce qui entrainera forc\u00e9ment un retard dans l\u2019obtention d\u2019un r\u00e9sultat d\u00e9finitif satisfaisant.<\/p>\n<p>&nbsp;<\/p>\n<h3><strong>2\/ CR\u00c8ME AUTO-BRONZANTE ET S\u00c9ANCES D\u2019UV<\/strong><\/h3>\n<p>Concernant les\u00a0<strong>UV<\/strong>, il en est de m\u00eame que pour le bronzage, le\u00a0<strong>risque de br\u00fblures\u00a0<\/strong>et de cloques est important.<\/p>\n<p>Pour les\u00a0<strong>cr\u00e8mes auto-bronzantes,<\/strong>il faut bien comprendre que le laser a plus de faciliter un rep\u00e9rer un poil fonc\u00e9 sur une peau claire, si votre peau est bronz\u00e9e, le laser va moins bien dissocier le poil de la peau et vous risquez une d\u00e9pigmentation.<\/p>\n<p>Le laser a un principe assez simple : il s\u2019attaque \u00e0\u00a0<strong>la m\u00e9lanine du poil<\/strong>. Si votre \u00e9piderme est color\u00e9 que se soit par l\u2019action du soleil, des UV ou des cr\u00e8mes auto-bronzantes, votre peau contient alors de la m\u00e9lanine, ce qui va fausser le fonctionnement du laser.<\/p>\n<p>&nbsp;<\/p>\n<h3><strong>3\/ LES M\u00c9DICAMENTS PHOTO-SENSIBILISANTS ET LES HUILES ESSENTIELLES<\/strong><\/h3>\n<p>Prenez garde \u00e0 ne pas prendre de\u00a0<strong>m\u00e9dicaments photo-sensibilisants <\/strong>ni d\u2019huiles essentielles avant votre s\u00e9ance.<\/p>\n<p>Ce type de m\u00e9dicament\u00a0<strong>rend votre peau tr\u00e8s vuln\u00e9rable\u00a0<\/strong>car ultra-sensible \u00e0 la lumi\u00e8re.<\/p>\n<p>N\u2019h\u00e9sitez pas \u00e0 demander \u00e0 votre m\u00e9decin si votre m\u00e9dication en fait partie.<\/p>\n<p>Les huiles essentielles passent au travers de la peau, elles repr\u00e9sentent donc \u00e9galement\u00a0<strong>une contre-indication majeure \u00e0 l\u2019\u00e9pilation laser.<\/strong><\/p>\n<p>Il vous est \u00e9galement demand\u00e9 de n\u2019appliquer ni cr\u00e8me ni parfum le jour de votre s\u00e9ance d\u2019\u00e9pilation laser, aucun risque inutile ne doit \u00eatre pris.<\/p>\n<p>&nbsp;<\/p>\n<h3><strong>4\/ L\u2019\u00c9PILATION \u00c0 LA CIRE, \u00c0 LA PINCE OU \u00c9LECTRIQUE<\/strong><\/h3>\n<p>Une des premi\u00e8res \u00e9tapes \u00e0 r\u00e9aliser lorsqu\u2019on commence un traitement d\u2019\u00e9pilation d\u00e9finitive au laser est de stopper toutes formes d\u2019\u00e9pilations\u00a0<strong>au privil\u00e8ge du rasoir<\/strong>.<\/p>\n<p>Avec le rasoir, le poil est coup\u00e9 en surface de la peau ce qui permet au laser de capter sa couleur et son intensit\u00e9.<\/p>\n<p>Les \u00e9pilations \u00e0 la cire, \u00e9lectrique ou \u00e0 la pince arrachent le poil \u00e0 sa racine, ce dernier ne pourra donc pas \u00eatre cibl\u00e9 par le laser et le r\u00e9sultat ne sera pas probant.<\/p>\n<p><strong>Pas de racine, pas de r\u00e9sultat !<\/strong><\/p>\n<p>Le poil suit\u00a0<strong>un cycle de croissance bien pr\u00e9cis et ind\u00e9pendant <\/strong>les uns des autres. Ainsi sur chaque zone de votre peau, les poils sont quasi tous \u00e0 des stades diff\u00e9rents de leurs croissances. Sachant que l\u2019\u00e9pilation n\u2019atteint le poil que dans sa phase d\u2019anag\u00e8ne, il faudra alors attendre que chaque poil soit dans cette phase pour pouvoir avoir un r\u00e9sultat visible et d\u00e9finitif.<\/p>\n<p>L\u2019\u00e9pilation \u00e0 la cire ralentit ce processus de croissance et de ce fait ralentira aussi le r\u00e9sultat li\u00e9 au traitement d\u2019\u00e9pilation laser.<\/p>\n<p>&nbsp;<\/p>\n<h3><strong>5\/ POUR MEMO<\/strong><\/h3>\n<p>Pour ne pas perdre l\u2019efficacit\u00e9 de vos s\u00e9ances gardez en t\u00eate ce rappel avant vos s\u00e9ances :<\/p>\n<ul>\n<li>Pas d\u2019exposition au soleil<\/li>\n<li>Pas d\u2019UV<\/li>\n<li>Pas d\u2019auto-bronzant sur les zones \u00e0 \u00e9piler<\/li>\n<li>Pas d\u2019\u00e9pilation \u00e0 la cire, \u00e9lectrique ou \u00e0 la pince<\/li>\n<li>Pas de d\u00e9coloration des poils<\/li>\n<li>Pas de cr\u00e8mes, pas de parfum, pas d\u2019huiles essentielles<\/li>\n<li>Pas de m\u00e9dicaments photo-sensibilisants<\/li>\n<\/ul>\n<p>Et souvenez-vous aussi de vous rasez le plus possible car\u00a0<strong>plus les poils seront nombreux et meilleur sera le r\u00e9sultat apr\u00e8s le passage du laser.<\/strong><\/p>\n<\/div>\n<\/div>\n<\/div>\n<\/div>\n<\/div>\n<\/div><\/div><\/div><\/div><div id=\"pgc-3186-1-1\"  class=\"panel-grid-cell\" ><div id=\"panel-3186-1-1-0\" class=\"so-panel widget widget_orion_image_w panel-first-child panel-last-child\" data-index=\"6\" ><div class=\"orion mobile-text-center default panel-widget-style panel-widget-style-for-3186-1-1-0\" ><div\n\t\t\t\n\t\t\tclass=\"so-widget-orion_image_w so-widget-orion_image_w-base\"\n\t\t\t\n\t\t>\n<div class=\"image-w relative\">\n\n\t\t\t\t\n\t\t\t\t\t<div class=\"orion_circle image-wrap rounded overlay-none overlay-hover-none\">\n\t\t\t\t\t<img width=\"750\" height=\"750\" src=\"http:\/\/www.icryo.fr\/wp-content\/uploads\/2022\/10\/epil-soleil-750x750.png\" class=\"attachment-orion_square size-orion_square\" alt=\"\" loading=\"lazy\" \/>\t\t\t<div class=\"overlay\"><\/div>\n\t\t\t\t\t<\/div>\n\t\t\t\n\t\n\t<div class=\"absolute\">\n\t\t<div class=\"hover-desc table-wrap\">\n\t\t\t<div class=\"cell-wrap text-light\">\n\t\t\t\t\t\t\t<\/div>\n\t\t<\/div>\n\t<\/div>\t\t\t\t\t\n<\/div>\n\n<\/div><\/div><\/div><\/div><\/div><\/div><div id=\"pg-3186-2\"  class=\"panel-grid panel-has-style\" ><div class=\"so-parallax siteorigin-panels-stretch orion-separator bottom-svg-7 bottom-svg-inside tablet-default mobile-1-in-row overlay-light panel-row-style panel-row-style-for-3186-2\" data-stretch-type=\"full-stretched\" ><img width=\"1920\" height=\"1280\" src=\"http:\/\/www.icryo.fr\/wp-content\/uploads\/2016\/10\/dentalia-demo-bg-1.jpg\" class=\"attachment-full size-full\" alt=\"\" loading=\"eager\" data-siteorigin-parallax=\"true\" srcset=\"http:\/\/www.icryo.fr\/wp-content\/uploads\/2016\/10\/dentalia-demo-bg-1.jpg 1920w, http:\/\/www.icryo.fr\/wp-content\/uploads\/2016\/10\/dentalia-demo-bg-1-300x200.jpg 300w, http:\/\/www.icryo.fr\/wp-content\/uploads\/2016\/10\/dentalia-demo-bg-1-768x512.jpg 768w, http:\/\/www.icryo.fr\/wp-content\/uploads\/2016\/10\/dentalia-demo-bg-1-1024x683.jpg 1024w, http:\/\/www.icryo.fr\/wp-content\/uploads\/2016\/10\/dentalia-demo-bg-1-750x500.jpg 750w, http:\/\/www.icryo.fr\/wp-content\/uploads\/2016\/10\/dentalia-demo-bg-1-272x182.jpg 272w\" sizes=\"(max-width: 1920px) 100vw, 1920px\" \/><div id=\"pgc-3186-2-0\"  class=\"panel-grid-cell panel-grid-cell-empty\" ><\/div><\/div><\/div><div id=\"pg-3186-3\"  class=\"panel-grid panel-has-style\" ><div class=\"siteorigin-panels-stretch orion-separator bottom-svg-4 bottom-svg-inside tablet-2-in-row mobile-1-in-row panel-row-style panel-row-style-for-3186-3\" data-stretch-type=\"full\" ><div id=\"pgc-3186-3-0\"  class=\"panel-grid-cell panel-grid-cell-empty\" ><\/div><\/div><\/div><div id=\"pg-3186-4\"  class=\"panel-grid panel-has-style\" ><div class=\"siteorigin-panels-stretch orion-separator bottom-svg-4 bottom-svg-inside tablet-2-in-row mobile-1-in-row panel-row-style panel-row-style-for-3186-4\" data-stretch-type=\"full\" ><div id=\"pgc-3186-4-0\"  class=\"panel-grid-cell panel-grid-cell-empty\" ><\/div><div id=\"pgc-3186-4-1\"  class=\"panel-grid-cell panel-grid-cell-empty\" ><\/div><div id=\"pgc-3186-4-2\"  class=\"panel-grid-cell panel-grid-cell-empty panel-grid-cell-mobile-last\" ><\/div><div id=\"pgc-3186-4-3\"  class=\"panel-grid-cell panel-grid-cell-empty\" ><\/div><\/div><\/div><\/div>","protected":false},"excerpt":{"rendered":"<p>Epilation laser et soleil, la question revient tr\u00e8s souvent et la r\u00e9ponse est finalement simple. D\u00e9marrer vos s\u00e9ances d\u2019\u00e9pilation d\u00e9finitive au laser\u00a0avant les premi\u00e8res expositions au soleil vous assure des jambes toutes douces pour bien d\u00e9marrer la saison. Mars, avril et mai sont m\u00eame les meilleurs mois pour le faire car vous allez pouvoir passer<\/p>\n","protected":false},"author":1,"featured_media":0,"parent":0,"menu_order":0,"comment_status":"closed","ping_status":"closed","template":"","meta":{"_mi_skip_tracking":false},"_links":{"self":[{"href":"http:\/\/www.icryo.fr\/index.php\/wp-json\/wp\/v2\/pages\/3186"}],"collection":[{"href":"http:\/\/www.icryo.fr\/index.php\/wp-json\/wp\/v2\/pages"}],"about":[{"href":"http:\/\/www.icryo.fr\/index.php\/wp-json\/wp\/v2\/types\/page"}],"author":[{"embeddable":true,"href":"http:\/\/www.icryo.fr\/index.php\/wp-json\/wp\/v2\/users\/1"}],"replies":[{"embeddable":true,"href":"http:\/\/www.icryo.fr\/index.php\/wp-json\/wp\/v2\/comments?post=3186"}],"version-history":[{"count":18,"href":"http:\/\/www.icryo.fr\/index.php\/wp-json\/wp\/v2\/pages\/3186\/revisions"}],"predecessor-version":[{"id":3206,"href":"http:\/\/www.icryo.fr\/index.php\/wp-json\/wp\/v2\/pages\/3186\/revisions\/3206"}],"wp:attachment":[{"href":"http:\/\/www.icryo.fr\/index.php\/wp-json\/wp\/v2\/media?parent=3186"}],"curies":[{"name":"wp","href":"https:\/\/api.w.org\/{rel}","templated":true}]}}