{"id":3218,"date":"2022-10-02T19:35:18","date_gmt":"2022-10-02T19:35:18","guid":{"rendered":"http:\/\/www.icryo.fr\/?page_id=3218"},"modified":"2022-10-02T19:41:04","modified_gmt":"2022-10-02T19:41:04","slug":"about-2-2-2-2-2-3","status":"publish","type":"page","link":"http:\/\/www.icryo.fr\/index.php\/about-2-2-2-2-2-3\/","title":{"rendered":"Tarifs \u00e9pilation laser homme"},"content":{"rendered":"<div id=\"pl-3218\"  class=\"panel-layout\" ><div id=\"pg-3218-0\"  class=\"panel-grid panel-has-style\" ><div class=\"tablet-default mobile-1-in-row panel-row-style panel-row-style-for-3218-0\" ><div id=\"pgc-3218-0-0\"  class=\"panel-grid-cell panel-grid-cell-empty\" ><\/div><\/div><\/div><div id=\"pg-3218-1\"  class=\"panel-grid panel-has-style\" ><div class=\"tablet-1-in-row mobile-1-in-row panel-row-style panel-row-style-for-3218-1\" ><div id=\"pgc-3218-1-0\"  class=\"panel-grid-cell\" ><div id=\"panel-3218-1-0-0\" class=\"so-panel widget widget_orion_heading_w panel-first-child\" data-index=\"0\" ><div class=\"orion mobile-text-center default panel-widget-style panel-widget-style-for-3218-1-0-0\" ><div\n\t\t\t\n\t\t\tclass=\"so-widget-orion_heading_w so-widget-orion_heading_w-base\"\n\t\t\t\n\t\t>\n\t\n\t<div class=\"row orion-heading\">\n\t\t<div class=\"col-md-12  separator-style-1 text-left style-h1 style-primary-color \">\n\t\t\t<h1 class=\"primary-color\">\n\t\t\t\tTARIFS EPILATION LASER HOMMES\t\t\t<\/h1>\n\t\t<\/div>\n\t<\/div>\n\n\t<\/div><\/div><\/div><div id=\"panel-3218-1-0-1\" class=\"so-panel widget widget_orion_heading_w\" data-index=\"1\" ><div class=\"orion mobile-text-center default panel-widget-style panel-widget-style-for-3218-1-0-1\" ><div\n\t\t\t\n\t\t\tclass=\"so-widget-orion_heading_w so-widget-orion_heading_w-base\"\n\t\t\t\n\t\t>\n\t\n\t<div class=\"row orion-heading\">\n\t\t<div class=\"col-md-12   text-left style-h3 style-text-dark \">\n\t\t\t<h3 class=\"text-dark\">\n\t\t\t\t1 ZONE, 2 ZONES ET PLUS ENCORE ... \t\t\t<\/h3>\n\t\t<\/div>\n\t<\/div>\n\n\t<\/div><\/div><\/div><div id=\"panel-3218-1-0-2\" class=\"so-panel widget widget_orion_heading_w\" data-index=\"2\" ><div class=\"orion mobile-text-center default panel-widget-style panel-widget-style-for-3218-1-0-2\" ><div\n\t\t\t\n\t\t\tclass=\"so-widget-orion_heading_w so-widget-orion_heading_w-base\"\n\t\t\t\n\t\t>\n\t\n\t<div class=\"row orion-heading\">\n\t\t<div class=\"col-md-12  separator-style-2 text-center style-h3 style-primary-color \">\n\t\t\t<h3 class=\"primary-color\">\n\t\t\t\tA PARTIR DE 60e SEULEMENT\t\t\t<\/h3>\n\t\t<\/div>\n\t<\/div>\n\n\t<\/div><\/div><\/div><div id=\"panel-3218-1-0-3\" class=\"so-panel widget widget_sow-editor\" data-index=\"3\" ><div class=\"orion mobile-text-center default panel-widget-style panel-widget-style-for-3218-1-0-3\" ><div\n\t\t\t\n\t\t\tclass=\"so-widget-sow-editor so-widget-sow-editor-base\"\n\t\t\t\n\t\t>\n<div class=\"siteorigin-widget-tinymce textwidget\">\n\t<p>Retrouvez ci-dessous la liste\u00a0 de nos <strong>tarifs de l\u2019\u00e9pilation laser pour homme <\/strong>pour les zones les plus fr\u00e9quemment effectu\u00e9es propos\u00e9s par le Centre Laser \u00e0 Antony.<\/p>\n<p>La <strong>\u00a0consultation de pr\u00e9 traitement est offerte<\/strong>\u00a0et\u00a0<strong>sans engagement<\/strong>. Lors de ce premier rendez-vous, nous r\u00e9pondrons \u00e0 vos interrogations et vous d\u00e9livrerons un <strong>avis de traitement<\/strong>. Nous examinerons votre peau et votre pilosit\u00e9 de fa\u00e7on \u00e0<strong>\u00a0\u00e9liminer les contre-indications<\/strong> \u00e0 l\u2019\u00e9pilation. Nous vous pr\u00e9ciserons \u00e9galement le d\u00e9roulement d\u2019une s\u00e9ance.<\/p>\n<p>Si vous ne trouvez pas la zone ou le forfait qui vous convient, n\u2019h\u00e9sitez pas \u00e0 nous contacter pour obtenir davantage d\u2019informations concernant les <b>prix et tarifs d\u2019\u00e9pilation laser<\/b>.<\/p>\n<p>Le paiement est \u00e0 r\u00e9aliser \u00e0 la s\u00e9ance. Les prix des s\u00e9ances d\u2019\u00e9pilation laser ci-dessous sont les tarifs pour\u00a0<strong>une<\/strong> s\u00e9ance.<\/p>\n<p>Pensez \u00e0 venir lors de votre s\u00e9ance d\u2019\u00e9pilation laser ras\u00e9e depuis 1 \u00e0 2 jours et surtout non bronz\u00e9e depuis 1 semaine<\/p>\n<p>Notre laser \u00e9pilatoire est un laser Diode, haute performance de derni\u00e8re g\u00e9n\u00e9ration, tr\u00e8s efficace sur des peaux de tout phototype, des peaux les plus claires aux peaux mates. <strong>Les peaux noirs ne peuvent pas \u00eatre trait\u00e9s avec ce type de laser. <\/strong>Nous vous rappelons cependant que l\u2019efficacit\u00e9 du laser est encore meilleure sur les poils fonc\u00e9s sur peaux claires.<\/p>\n<p>&nbsp;<\/p>\n<div id=\"panel-1000-3-1-2\" class=\"so-panel widget widget_sow-editor panel-last-child\" data-index=\"9\"><\/div>\n<div data-index=\"9\"><\/div>\n<div data-index=\"9\"><\/div>\n<\/div>\n<\/div><\/div><\/div><div id=\"panel-3218-1-0-4\" class=\"so-panel widget widget_orion_heading_w\" data-index=\"4\" ><div class=\"orion mobile-text-center default panel-widget-style panel-widget-style-for-3218-1-0-4\" ><div\n\t\t\t\n\t\t\tclass=\"so-widget-orion_heading_w so-widget-orion_heading_w-base\"\n\t\t\t\n\t\t>\n\t\n\t<div class=\"row orion-heading\">\n\t\t<div class=\"col-md-12  separator-style-2 text-left style-h3 style-primary-color \">\n\t\t\t<h3 class=\"primary-color\">\n\t\t\t\tTARIFS PETITES ZONES : 60 euros la zone\t\t\t<\/h3>\n\t\t<\/div>\n\t<\/div>\n\n\t<\/div><\/div><\/div><div id=\"panel-3218-1-0-5\" class=\"so-panel widget widget_sow-editor\" data-index=\"5\" ><div class=\"orion mobile-text-center default panel-widget-style panel-widget-style-for-3218-1-0-5\" ><div\n\t\t\t\n\t\t\tclass=\"so-widget-sow-editor so-widget-sow-editor-base\"\n\t\t\t\n\t\t>\n<div class=\"siteorigin-widget-tinymce textwidget\">\n\t<h4><span style=\"color: #000000;\">PETITES ZONES:<\/span><\/h4>\n<ul>\n<li>Aisselles<\/li>\n<li>Maillot (tout type)<\/li>\n<li>Sillon inter fessier<\/li>\n<\/ul>\n<h5><strong>Tarif pour 2 petites zones: 100 euros<\/strong><\/h5>\n<p>&nbsp;<\/p>\n<div data-index=\"9\"><\/div>\n<div data-index=\"9\"><\/div>\n<\/div>\n<\/div><\/div><\/div><div id=\"panel-3218-1-0-6\" class=\"so-panel widget widget_orion_heading_w\" data-index=\"6\" ><div class=\"orion mobile-text-center default panel-widget-style panel-widget-style-for-3218-1-0-6\" ><div\n\t\t\t\n\t\t\tclass=\"so-widget-orion_heading_w so-widget-orion_heading_w-base\"\n\t\t\t\n\t\t>\n\t\n\t<div class=\"row orion-heading\">\n\t\t<div class=\"col-md-12  separator-style-2 text-left style-h3 style-primary-color \">\n\t\t\t<h3 class=\"primary-color\">\n\t\t\t\tTARIFS GRANDES ZONES : 90 euros la zone\t\t\t<\/h3>\n\t\t<\/div>\n\t<\/div>\n\n\t<\/div><\/div><\/div><div id=\"panel-3218-1-0-7\" class=\"so-panel widget widget_sow-editor\" data-index=\"7\" ><div class=\"orion mobile-text-center default panel-widget-style panel-widget-style-for-3218-1-0-7\" ><div\n\t\t\t\n\t\t\tclass=\"so-widget-sow-editor so-widget-sow-editor-base\"\n\t\t\t\n\t\t>\n<div class=\"siteorigin-widget-tinymce textwidget\">\n\t<h4><span style=\"color: #000000;\">GRANDES ZONES:<\/span><\/h4>\n<ul>\n<li>Cuisses<\/li>\n<li>Demi-jambes<\/li>\n<li>Bras<\/li>\n<li>Torse<\/li>\n<li>Ventre<\/li>\n<li>Epaules<\/li>\n<li>Bas du dos<\/li>\n<\/ul>\n<div id=\"panel-1000-3-1-2\" class=\"so-panel widget widget_sow-editor panel-last-child\" data-index=\"9\">\n<h5><strong>Tarif pour 2 grandes zones: 160 euros<\/strong><\/h5>\n<\/div>\n<p>&nbsp;<\/p>\n<div id=\"panel-1000-3-1-2\" class=\"so-panel widget widget_sow-editor panel-last-child\" data-index=\"9\">\n<div id=\"panel-1000-3-1-2\" class=\"so-panel widget widget_sow-editor panel-last-child\" data-index=\"9\"><\/div>\n<\/div>\n<div data-index=\"9\"><\/div>\n<div data-index=\"9\"><\/div>\n<\/div>\n<\/div><\/div><\/div><div id=\"panel-3218-1-0-8\" class=\"so-panel widget widget_orion_heading_w\" data-index=\"8\" ><div class=\"orion mobile-text-center default panel-widget-style panel-widget-style-for-3218-1-0-8\" ><div\n\t\t\t\n\t\t\tclass=\"so-widget-orion_heading_w so-widget-orion_heading_w-base\"\n\t\t\t\n\t\t>\n\t\n\t<div class=\"row orion-heading\">\n\t\t<div class=\"col-md-12  separator-style-2 text-left style-h4 style-primary-color \">\n\t\t\t<h4 class=\"primary-color\">\n\t\t\t\tTARIFS DOS COMPLET : 150 euros\t\t\t<\/h4>\n\t\t<\/div>\n\t<\/div>\n\n\t<\/div><\/div><\/div><div id=\"panel-3218-1-0-9\" class=\"so-panel widget widget_sow-editor\" data-index=\"9\" ><div class=\"orion mobile-text-center default panel-widget-style panel-widget-style-for-3218-1-0-9\" ><div\n\t\t\t\n\t\t\tclass=\"so-widget-sow-editor so-widget-sow-editor-base\"\n\t\t\t\n\t\t>\n<div class=\"siteorigin-widget-tinymce textwidget\">\n\t<div id=\"panel-1000-3-1-2\" class=\"so-panel widget widget_sow-editor panel-last-child\" data-index=\"9\">\n<h5><\/h5>\n<\/div>\n<p>&nbsp;<\/p>\n<div id=\"panel-1000-3-1-2\" class=\"so-panel widget widget_sow-editor panel-last-child\" data-index=\"9\">\n<div id=\"panel-1000-3-1-2\" class=\"so-panel widget widget_sow-editor panel-last-child\" data-index=\"9\"><\/div>\n<\/div>\n<div data-index=\"9\"><\/div>\n<div data-index=\"9\"><\/div>\n<\/div>\n<\/div><\/div><\/div><div id=\"panel-3218-1-0-10\" class=\"so-panel widget widget_orion_heading_w\" data-index=\"10\" ><div class=\"orion mobile-text-center default panel-widget-style panel-widget-style-for-3218-1-0-10\" ><div\n\t\t\t\n\t\t\tclass=\"so-widget-orion_heading_w so-widget-orion_heading_w-base\"\n\t\t\t\n\t\t>\n\t\n\t<div class=\"row orion-heading\">\n\t\t<div class=\"col-md-12  separator-style-2 text-left style-h4 style-primary-color \">\n\t\t\t<h4 class=\"primary-color\">\n\t\t\t\tTARIFS AISELLES - DOS COMPLET : 200 euros\t\t\t<\/h4>\n\t\t<\/div>\n\t<\/div>\n\n\t<\/div><\/div><\/div><div id=\"panel-3218-1-0-11\" class=\"so-panel widget widget_sow-editor panel-last-child\" data-index=\"11\" ><div class=\"orion mobile-text-center default panel-widget-style panel-widget-style-for-3218-1-0-11\" ><div\n\t\t\t\n\t\t\tclass=\"so-widget-sow-editor so-widget-sow-editor-base\"\n\t\t\t\n\t\t>\n<div class=\"siteorigin-widget-tinymce textwidget\">\n\t<h5><\/h5>\n<p style=\"text-align: center;\"><strong><span style=\"color: #000000;\"><span style=\"vertical-align: inherit;\">Si vous avez la moindre question p<\/span><\/span><\/strong><span style=\"color: #000000;\"><strong>our tout autre zone ou pour tout autre traitement,<span style=\"vertical-align: inherit;\">\u00a0n'h\u00e9sitez pas \u00e0 <\/span><span style=\"color: #3366ff;\"><a style=\"color: #3366ff;\" href=\"http:\/\/www.icryo.fr\/index.php\/contact\/\"><span style=\"vertical-align: inherit;\">nous contacter<\/span><\/a><\/span><\/strong><\/span><\/p>\n<p>&nbsp;<\/p>\n<div data-index=\"9\"><\/div>\n<div data-index=\"9\"><\/div>\n<\/div>\n<\/div><\/div><\/div><\/div><div id=\"pgc-3218-1-1\"  class=\"panel-grid-cell\" ><div id=\"panel-3218-1-1-0\" class=\"so-panel widget widget_orion_image_w panel-first-child panel-last-child\" data-index=\"12\" ><div class=\"orion mobile-text-center default panel-widget-style panel-widget-style-for-3218-1-1-0\" ><div\n\t\t\t\n\t\t\tclass=\"so-widget-orion_image_w so-widget-orion_image_w-base\"\n\t\t\t\n\t\t>\n<div class=\"image-w relative\">\n\n\t\t\t\t\n\t\t\t\t\t<div class=\" overlay-none overlay-hover-none\">\n\t\t\t\t\t<img width=\"1354\" height=\"961\" src=\"http:\/\/www.icryo.fr\/wp-content\/uploads\/2022\/10\/homme-epilation-laser.jpg\" class=\"attachment- size-\" alt=\"\" loading=\"lazy\" \/>\t\t\t<div class=\"overlay\"><\/div>\n\t\t\t\t\t<\/div>\n\t\t\t\n\t\n\t<div class=\"absolute\">\n\t\t<div class=\"hover-desc table-wrap\">\n\t\t\t<div class=\"cell-wrap text-light\">\n\t\t\t\t\t\t\t<\/div>\n\t\t<\/div>\n\t<\/div>\t\t\t\t\t\n<\/div>\n\n<\/div><\/div><\/div><\/div><\/div><\/div><div id=\"pg-3218-2\"  class=\"panel-grid panel-has-style\" ><div class=\"so-parallax siteorigin-panels-stretch orion-separator bottom-svg-7 bottom-svg-inside tablet-default mobile-1-in-row overlay-light panel-row-style panel-row-style-for-3218-2\" data-stretch-type=\"full-stretched\" ><img width=\"1920\" height=\"1280\" src=\"http:\/\/www.icryo.fr\/wp-content\/uploads\/2016\/10\/dentalia-demo-bg-1.jpg\" class=\"attachment-full size-full\" alt=\"\" loading=\"eager\" data-siteorigin-parallax=\"true\" srcset=\"http:\/\/www.icryo.fr\/wp-content\/uploads\/2016\/10\/dentalia-demo-bg-1.jpg 1920w, http:\/\/www.icryo.fr\/wp-content\/uploads\/2016\/10\/dentalia-demo-bg-1-300x200.jpg 300w, http:\/\/www.icryo.fr\/wp-content\/uploads\/2016\/10\/dentalia-demo-bg-1-768x512.jpg 768w, http:\/\/www.icryo.fr\/wp-content\/uploads\/2016\/10\/dentalia-demo-bg-1-1024x683.jpg 1024w, http:\/\/www.icryo.fr\/wp-content\/uploads\/2016\/10\/dentalia-demo-bg-1-750x500.jpg 750w, http:\/\/www.icryo.fr\/wp-content\/uploads\/2016\/10\/dentalia-demo-bg-1-272x182.jpg 272w\" sizes=\"(max-width: 1920px) 100vw, 1920px\" \/><div id=\"pgc-3218-2-0\"  class=\"panel-grid-cell panel-grid-cell-empty\" ><\/div><\/div><\/div><div id=\"pg-3218-3\"  class=\"panel-grid panel-has-style\" ><div class=\"siteorigin-panels-stretch orion-separator bottom-svg-4 bottom-svg-inside tablet-2-in-row mobile-1-in-row panel-row-style panel-row-style-for-3218-3\" data-stretch-type=\"full\" ><div id=\"pgc-3218-3-0\"  class=\"panel-grid-cell panel-grid-cell-empty\" ><\/div><\/div><\/div><div id=\"pg-3218-4\"  class=\"panel-grid panel-has-style\" ><div class=\"siteorigin-panels-stretch orion-separator bottom-svg-4 bottom-svg-inside tablet-2-in-row mobile-1-in-row panel-row-style panel-row-style-for-3218-4\" data-stretch-type=\"full\" ><div id=\"pgc-3218-4-0\"  class=\"panel-grid-cell panel-grid-cell-empty\" ><\/div><div id=\"pgc-3218-4-1\"  class=\"panel-grid-cell panel-grid-cell-empty\" ><\/div><div id=\"pgc-3218-4-2\"  class=\"panel-grid-cell panel-grid-cell-empty panel-grid-cell-mobile-last\" ><\/div><div id=\"pgc-3218-4-3\"  class=\"panel-grid-cell panel-grid-cell-empty\" ><\/div><\/div><\/div><\/div>","protected":false},"excerpt":{"rendered":"<p>Retrouvez ci-dessous la liste\u00a0 de nos tarifs de l\u2019\u00e9pilation laser pour homme pour les zones les plus fr\u00e9quemment effectu\u00e9es propos\u00e9s par le Centre Laser \u00e0 Antony. La \u00a0consultation de pr\u00e9 traitement est offerte\u00a0et\u00a0sans engagement. Lors de ce premier rendez-vous, nous r\u00e9pondrons \u00e0 vos interrogations et vous d\u00e9livrerons un avis de traitement. Nous examinerons votre peau<\/p>\n","protected":false},"author":1,"featured_media":0,"parent":0,"menu_order":0,"comment_status":"closed","ping_status":"closed","template":"","meta":{"_mi_skip_tracking":false},"_links":{"self":[{"href":"http:\/\/www.icryo.fr\/index.php\/wp-json\/wp\/v2\/pages\/3218"}],"collection":[{"href":"http:\/\/www.icryo.fr\/index.php\/wp-json\/wp\/v2\/pages"}],"about":[{"href":"http:\/\/www.icryo.fr\/index.php\/wp-json\/wp\/v2\/types\/page"}],"author":[{"embeddable":true,"href":"http:\/\/www.icryo.fr\/index.php\/wp-json\/wp\/v2\/users\/1"}],"replies":[{"embeddable":true,"href":"http:\/\/www.icryo.fr\/index.php\/wp-json\/wp\/v2\/comments?post=3218"}],"version-history":[{"count":6,"href":"http:\/\/www.icryo.fr\/index.php\/wp-json\/wp\/v2\/pages\/3218\/revisions"}],"predecessor-version":[{"id":3226,"href":"http:\/\/www.icryo.fr\/index.php\/wp-json\/wp\/v2\/pages\/3218\/revisions\/3226"}],"wp:attachment":[{"href":"http:\/\/www.icryo.fr\/index.php\/wp-json\/wp\/v2\/media?parent=3218"}],"curies":[{"name":"wp","href":"https:\/\/api.w.org\/{rel}","templated":true}]}}