{"id":8,"date":"2016-09-20T16:10:21","date_gmt":"2016-09-20T16:10:21","guid":{"rendered":"http:\/\/dentalia.orionthemes.com\/demo-1\/?page_id=8"},"modified":"2022-10-02T15:15:01","modified_gmt":"2022-10-02T15:15:01","slug":"contact","status":"publish","type":"page","link":"http:\/\/www.icryo.fr\/index.php\/contact\/","title":{"rendered":"Contact"},"content":{"rendered":"<div id=\"pl-8\"  class=\"panel-layout\" ><div id=\"pg-8-0\"  class=\"panel-grid panel-has-style\" ><div class=\"tablet-default mobile-1-in-row panel-row-style panel-row-style-for-8-0\" ><div id=\"pgc-8-0-0\"  class=\"panel-grid-cell panel-grid-cell-empty\" ><\/div><\/div><\/div><div id=\"pg-8-1\"  class=\"panel-grid panel-has-style\" ><div class=\"siteorigin-panels-stretch tablet-default mobile-1-in-row overlay-light panel-row-style panel-row-style-for-8-1\" data-stretch-type=\"full\" data-svg-bottom-color=\"#ffffff\" ><div id=\"pgc-8-1-0\"  class=\"panel-grid-cell panel-grid-cell-empty\" ><\/div><div id=\"pgc-8-1-1\"  class=\"panel-grid-cell panel-grid-cell-mobile-last\" ><div id=\"panel-8-1-1-0\" class=\"so-panel widget widget_sow-editor panel-first-child\" data-index=\"0\" ><div class=\"orion default panel-widget-style panel-widget-style-for-8-1-1-0\" ><div\n\t\t\t\n\t\t\tclass=\"so-widget-sow-editor so-widget-sow-editor-base\"\n\t\t\t\n\t\t>\n<div class=\"siteorigin-widget-tinymce textwidget\">\n\t<h6 class=\"primary-color\" style=\"text-align: center;\"><span style=\"vertical-align: inherit;\"><span style=\"vertical-align: inherit;\">CONTACTEZ-NOUS<\/span><\/span><\/h6>\n<\/div>\n<\/div><\/div><\/div><div id=\"panel-8-1-1-1\" class=\"so-panel widget widget_sow-editor\" data-index=\"1\" ><div class=\"orion default panel-widget-style panel-widget-style-for-8-1-1-1\" ><div\n\t\t\t\n\t\t\tclass=\"so-widget-sow-editor so-widget-sow-editor-base\"\n\t\t\t\n\t\t>\n<div class=\"siteorigin-widget-tinymce textwidget\">\n\t<h2 class=\"text-dark\" style=\"text-align: center;\">Pour pendre Rendez-Vous<\/h2>\n<\/div>\n<\/div><\/div><\/div><div id=\"panel-8-1-1-2\" class=\"so-panel widget widget_sow-editor\" data-index=\"2\" ><div class=\"orion default panel-widget-style panel-widget-style-for-8-1-1-2\" ><div\n\t\t\t\n\t\t\tclass=\"so-widget-sow-editor so-widget-sow-editor-base\"\n\t\t\t\n\t\t>\n<div class=\"siteorigin-widget-tinymce textwidget\">\n\t<p class=\"lead\" style=\"text-align: center;\"><span style=\"vertical-align: inherit;\"><span style=\"vertical-align: inherit;\">Merci de remplir le formulaire de rendez-vous ci-dessous, vous serez recontact\u00e9 dans un d\u00e9lai de 24h.<\/span><\/span><\/p>\n<p style=\"text-align: center;\"><span style=\"vertical-align: inherit;\">Vous pouvez \u00e9galement\u00a0<strong>nous contacter par t\u00e9l\u00e9phone au 06.37.80.62.78 ou par SMS.<\/strong><\/span><\/p>\n<\/div>\n<\/div><\/div><\/div><div id=\"panel-8-1-1-3\" class=\"so-panel widget widget_orion_empty_space_w\" data-index=\"3\" ><div class=\"orion default panel-widget-style panel-widget-style-for-8-1-1-3\" ><div\n\t\t\t\n\t\t\tclass=\"so-widget-orion_empty_space_w so-widget-orion_empty_space_w-base\"\n\t\t\t\n\t\t>\t<div class=\"row empty-space  visible-lg visible-md visible-sm visible-xs\" style=\"height:24px;\">\n\t<\/div><\/div><\/div><\/div><div id=\"panel-8-1-1-4\" class=\"so-panel widget widget_orion_empty_space_w\" data-index=\"4\" ><div class=\"orion default panel-widget-style panel-widget-style-for-8-1-1-4\" ><div\n\t\t\t\n\t\t\tclass=\"so-widget-orion_empty_space_w so-widget-orion_empty_space_w-base\"\n\t\t\t\n\t\t>\t<div class=\"row empty-space  visible-lg visible-md visible-sm visible-xs\" style=\"height:24px;\">\n\t<\/div><\/div><\/div><\/div><div id=\"panel-8-1-1-5\" class=\"so-panel widget widget_text\" data-index=\"5\" ><div class=\"orion default panel-widget-style panel-widget-style-for-8-1-1-5\" >\t\t\t<div class=\"textwidget\"><div role=\"form\" class=\"wpcf7\" id=\"wpcf7-f471-o1\" lang=\"en-US\" dir=\"ltr\">\n<div class=\"screen-reader-response\"><p role=\"status\" aria-live=\"polite\" aria-atomic=\"true\"><\/p> <ul><\/ul><\/div>\n<form action=\"\/index.php\/wp-json\/wp\/v2\/pages\/8#wpcf7-f471-o1\" method=\"post\" class=\"wpcf7-form init\" novalidate=\"novalidate\" data-status=\"init\">\n<div style=\"display: none;\">\n<input type=\"hidden\" name=\"_wpcf7\" value=\"471\" \/>\n<input type=\"hidden\" name=\"_wpcf7_version\" value=\"5.5\" \/>\n<input type=\"hidden\" name=\"_wpcf7_locale\" value=\"en_US\" \/>\n<input type=\"hidden\" name=\"_wpcf7_unit_tag\" value=\"wpcf7-f471-o1\" \/>\n<input type=\"hidden\" name=\"_wpcf7_container_post\" value=\"0\" \/>\n<input type=\"hidden\" name=\"_wpcf7_posted_data_hash\" value=\"\" \/>\n<input type=\"hidden\" name=\"_wpcf7_recaptcha_response\" value=\"\" \/>\n<\/div>\n<div class=\"cf7-form  row\">\n<div class=\"col-md-6 name\"><span class=\"wpcf7-form-control-wrap text-811\"><input type=\"text\" name=\"text-811\" value=\"\" size=\"40\" class=\"wpcf7-form-control wpcf7-text wpcf7-validates-as-required\" aria-required=\"true\" aria-invalid=\"false\" placeholder=\"Pr\u00e9nom\" \/><\/span><\/div>\n<div class=\"col-md-6 name\"><span class=\"wpcf7-form-control-wrap text-last-name\"><input type=\"text\" name=\"text-last-name\" value=\"\" size=\"40\" class=\"wpcf7-form-control wpcf7-text wpcf7-validates-as-required\" aria-required=\"true\" aria-invalid=\"false\" placeholder=\"Nom\" \/><\/span><\/div>\n<div class=\"col-md-6 phone\"><span class=\"wpcf7-form-control-wrap text-phone\"><input type=\"text\" name=\"text-phone\" value=\"\" size=\"40\" class=\"wpcf7-form-control wpcf7-text wpcf7-validates-as-required\" aria-required=\"true\" aria-invalid=\"false\" placeholder=\"T\u00e9l\u00e9phone\" \/><\/span><\/div>\n<div class=\"col-md-6 email\"><span class=\"wpcf7-form-control-wrap email-777\"><input type=\"email\" name=\"email-777\" value=\"\" size=\"40\" class=\"wpcf7-form-control wpcf7-text wpcf7-email wpcf7-validates-as-required wpcf7-validates-as-email\" aria-required=\"true\" aria-invalid=\"false\" placeholder=\"E-mail\" \/><\/span><\/div>\n<div class=\"col-md-6 date\"><span class=\"wpcf7-form-control-wrap date-667\"><input class=\"wpcf7-form-control wpcf7-date wpcf7-validates-as-date\" name=\"date-667\" type=\"date\" value=\"\" \/><\/span><\/div>\n<div class=\"col-md-6 time\"><span class=\"wpcf7-form-control-wrap menu-time\"><select name=\"menu-time\" class=\"wpcf7-form-control wpcf7-select form-control\" aria-invalid=\"false\"><option value=\"Horaire\">Horaire<\/option><option value=\"10:00 - 12:00\">10:00 - 12:00<\/option><option value=\"14:00 - 16:00\">14:00 - 16:00<\/option><option value=\"16:00 - 18:00\">16:00 - 18:00<\/option><option value=\"18:00 - 21:00\">18:00 - 21:00<\/option><\/select><\/span><\/div>\n<div class=\"col-md-12 \"><span class=\"wpcf7-form-control-wrap menu-340\"><select name=\"menu-340\" class=\"wpcf7-form-control wpcf7-select wpcf7-validates-as-required\" aria-required=\"true\" aria-invalid=\"false\"><option value=\"Raison de votre Visite\">Raison de votre Visite<\/option><option value=\"Traitement Cryolipolyse\">Traitement Cryolipolyse<\/option><option value=\"Traitement Epilation Laser\">Traitement Epilation Laser<\/option><option value=\"Consultation\">Consultation<\/option><\/select><\/span><\/div>\n<div class=\"col-md-12\"><span class=\"wpcf7-form-control-wrap textarea-notes\"><textarea name=\"textarea-notes\" cols=\"40\" rows=\"10\" class=\"wpcf7-form-control wpcf7-textarea\" aria-invalid=\"false\" placeholder=\"Ecrire votre message\"><\/textarea><\/span><\/div>\n<div class=\"col-md-12 text-center\"><input type=\"submit\" value=\"PRENDRE RENDEZ-VOUS\" class=\"wpcf7-form-control has-spinner wpcf7-submit btn btn-c1 btn-lg\" \/><\/div>\n<\/div>\n<p style=\"display: none !important;\"><label>&#916;<textarea name=\"_wpcf7_ak_hp_textarea\" cols=\"45\" rows=\"8\" maxlength=\"100\"><\/textarea><\/label><input type=\"hidden\" id=\"ak_js_1\" name=\"_wpcf7_ak_js\" value=\"194\"\/><script>document.getElementById( \"ak_js_1\" ).setAttribute( \"value\", ( new Date() ).getTime() );<\/script><\/p><div class=\"wpcf7-response-output\" aria-hidden=\"true\"><\/div><\/form><\/div>\n<\/div>\n\t\t<\/div><\/div><div id=\"panel-8-1-1-6\" class=\"so-panel widget widget_orion_empty_space_w\" data-index=\"6\" ><div class=\"orion default panel-widget-style panel-widget-style-for-8-1-1-6\" ><div\n\t\t\t\n\t\t\tclass=\"so-widget-orion_empty_space_w so-widget-orion_empty_space_w-base\"\n\t\t\t\n\t\t>\t<div class=\"row empty-space  visible-lg visible-md visible-sm visible-xs\" style=\"height:24px;\">\n\t<\/div><\/div><\/div><\/div><div id=\"panel-8-1-1-7\" class=\"so-panel widget widget_orion_empty_space_w\" data-index=\"7\" ><div class=\"orion default panel-widget-style panel-widget-style-for-8-1-1-7\" ><div\n\t\t\t\n\t\t\tclass=\"so-widget-orion_empty_space_w so-widget-orion_empty_space_w-base\"\n\t\t\t\n\t\t>\t<div class=\"row empty-space  visible-lg visible-md visible-sm visible-xs\" style=\"height:24px;\">\n\t<\/div><\/div><\/div><\/div><div id=\"panel-8-1-1-8\" class=\"so-panel widget widget_sow-editor\" data-index=\"8\" ><div class=\"orion default panel-widget-style panel-widget-style-for-8-1-1-8\" ><div\n\t\t\t\n\t\t\tclass=\"so-widget-sow-editor so-widget-sow-editor-base\"\n\t\t\t\n\t\t>\n<div class=\"siteorigin-widget-tinymce textwidget\">\n\t<h3 class=\"text-dark\" style=\"text-align: center;\"><span style=\"vertical-align: inherit;\"><span style=\"vertical-align: inherit;\"><span style=\"vertical-align: inherit;\"><span style=\"vertical-align: inherit;\"><span style=\"vertical-align: inherit;\"><span style=\"vertical-align: inherit;\">Adresse:<\/span><\/span><\/span><\/span><\/span><\/span><\/h3>\n<\/div>\n<\/div><\/div><\/div><div id=\"panel-8-1-1-9\" class=\"so-panel widget widget_sow-editor\" data-index=\"9\" ><div class=\"orion default panel-widget-style panel-widget-style-for-8-1-1-9\" ><div\n\t\t\t\n\t\t\tclass=\"so-widget-sow-editor so-widget-sow-editor-base\"\n\t\t\t\n\t\t>\n<div class=\"siteorigin-widget-tinymce textwidget\">\n\t<h2 class=\"text-dark\" style=\"text-align: center;\"><span style=\"vertical-align: inherit; color: #33cccc;\"><span style=\"vertical-align: inherit;\"><span style=\"vertical-align: inherit;\"><span style=\"vertical-align: inherit;\"><span style=\"vertical-align: inherit;\"><span style=\"vertical-align: inherit;\"><span style=\"vertical-align: inherit;\"><span style=\"vertical-align: inherit;\"><span style=\"vertical-align: inherit;\"><span style=\"vertical-align: inherit;\"><span style=\"vertical-align: inherit;\"><span style=\"vertical-align: inherit;\">2 Avenue de la Providence 92160 Anton<\/span><\/span><\/span><\/span><\/span><\/span><\/span><\/span><\/span><\/span><\/span><\/span><span style=\"vertical-align: inherit; color: #33cccc;\"><span style=\"vertical-align: inherit;\"><span style=\"vertical-align: inherit;\"><span style=\"vertical-align: inherit;\"><span style=\"vertical-align: inherit;\"><span style=\"vertical-align: inherit;\"><span style=\"vertical-align: inherit;\"><span style=\"vertical-align: inherit;\"><span style=\"vertical-align: inherit;\"><span style=\"vertical-align: inherit;\"><span style=\"vertical-align: inherit;\"><span style=\"vertical-align: inherit;\">y<\/span><\/span><\/span><\/span><\/span><\/span><\/span><\/span><\/span><\/span><\/span><\/span><\/h2>\n<\/div>\n<\/div><\/div><\/div><div id=\"panel-8-1-1-10\" class=\"so-panel widget widget_orion_empty_space_w\" data-index=\"10\" ><div class=\"orion default panel-widget-style panel-widget-style-for-8-1-1-10\" ><div\n\t\t\t\n\t\t\tclass=\"so-widget-orion_empty_space_w so-widget-orion_empty_space_w-base\"\n\t\t\t\n\t\t>\t<div class=\"row empty-space  visible-lg visible-md visible-sm visible-xs\" style=\"height:24px;\">\n\t<\/div><\/div><\/div><\/div><div id=\"panel-8-1-1-11\" class=\"so-panel widget widget_sow-google-map\" data-index=\"11\" ><div class=\"orion default panel-widget-style panel-widget-style-for-8-1-1-11\" ><div\n\t\t\t\n\t\t\tclass=\"so-widget-sow-google-map so-widget-sow-google-map-default-6b23895f316e-8\"\n\t\t\t\n\t\t>\n<div class=\"sow-google-map-canvas\"\n\tstyle=\"\"\n\tid=\"map-canvas-a0cf633346386f01984b4f4b6eea5aea\"\n\tdata-options=\"{&quot;address&quot;:&quot;2 avenue de la providence 92160 Antony, France&quot;,&quot;zoom&quot;:12,&quot;mobileZoom&quot;:12,&quot;gestureHandling&quot;:&quot;greedy&quot;,&quot;disableUi&quot;:false,&quot;keepCentered&quot;:false,&quot;markerIcon&quot;:&quot;&quot;,&quot;markersDraggable&quot;:false,&quot;markerAtCenter&quot;:true,&quot;markerInfoDisplay&quot;:&quot;click&quot;,&quot;markerInfoMultiple&quot;:true,&quot;markerPositions&quot;:&quot;&quot;,&quot;mapName&quot;:&quot;&quot;,&quot;mapStyles&quot;:&quot;&quot;,&quot;directions&quot;:&quot;&quot;,&quot;apiKey&quot;:&quot;AIzaSyCNgqjzaCg_LM_5kON8-_21nKa2w850yQs&quot;,&quot;breakpoint&quot;:780}\"\n\tdata-fallback-image=\"{&quot;img&quot;:&quot;&quot;}\"><\/div>\n<\/div><\/div><\/div><div id=\"panel-8-1-1-12\" class=\"so-panel widget widget_sow-editor\" data-index=\"12\" ><div class=\"orion default panel-widget-style panel-widget-style-for-8-1-1-12\" ><div\n\t\t\t\n\t\t\tclass=\"so-widget-sow-editor so-widget-sow-editor-base\"\n\t\t\t\n\t\t>\n<div class=\"siteorigin-widget-tinymce textwidget\">\n\t<\/div>\n<\/div><\/div><\/div><div id=\"panel-8-1-1-13\" class=\"so-panel widget widget_orion_logos_w panel-last-child\" data-index=\"13\" ><div class=\"orion default panel-widget-style panel-widget-style-for-8-1-1-13\" ><div\n\t\t\t\n\t\t\tclass=\"so-widget-orion_logos_w so-widget-orion_logos_w-base\"\n\t\t\t\n\t\t>\n<div class=\"row logo-w-wrap\">\n\t\t\t<div class=\"logos-wrap col-md-12 carousel owl-carousel owl-theme\" data-col=4 data-autoplay=false data-autoplaytimeout=5000 >\n\t\t\n\t\t\t\n\t\t\t\t\t\n\t<\/div>\n\t<\/div><\/div><\/div><\/div><\/div><div id=\"pgc-8-1-2\"  class=\"panel-grid-cell panel-grid-cell-empty\" ><\/div><\/div><\/div><\/div>","protected":false},"excerpt":{"rendered":"<p>CONTACTEZ-NOUS Pour pendre Rendez-Vous Merci de remplir le formulaire de rendez-vous ci-dessous, vous serez recontact\u00e9 dans un d\u00e9lai de 24h. Vous pouvez \u00e9galement\u00a0nous contacter par t\u00e9l\u00e9phone au 06.37.80.62.78 ou par SMS. Adresse: 2 Avenue de la Providence 92160 Antony<\/p>\n","protected":false},"author":1,"featured_media":0,"parent":0,"menu_order":0,"comment_status":"closed","ping_status":"closed","template":"","meta":{"_mi_skip_tracking":false},"_links":{"self":[{"href":"http:\/\/www.icryo.fr\/index.php\/wp-json\/wp\/v2\/pages\/8"}],"collection":[{"href":"http:\/\/www.icryo.fr\/index.php\/wp-json\/wp\/v2\/pages"}],"about":[{"href":"http:\/\/www.icryo.fr\/index.php\/wp-json\/wp\/v2\/types\/page"}],"author":[{"embeddable":true,"href":"http:\/\/www.icryo.fr\/index.php\/wp-json\/wp\/v2\/users\/1"}],"replies":[{"embeddable":true,"href":"http:\/\/www.icryo.fr\/index.php\/wp-json\/wp\/v2\/comments?post=8"}],"version-history":[{"count":72,"href":"http:\/\/www.icryo.fr\/index.php\/wp-json\/wp\/v2\/pages\/8\/revisions"}],"predecessor-version":[{"id":3014,"href":"http:\/\/www.icryo.fr\/index.php\/wp-json\/wp\/v2\/pages\/8\/revisions\/3014"}],"wp:attachment":[{"href":"http:\/\/www.icryo.fr\/index.php\/wp-json\/wp\/v2\/media?parent=8"}],"curies":[{"name":"wp","href":"https:\/\/api.w.org\/{rel}","templated":true}]}}